{"id":43561,"date":"2020-07-05T17:01:02","date_gmt":"2020-07-05T15:01:02","guid":{"rendered":"https:\/\/mangabox.net\/produkt\/mario-party-donkey-kong-pl%c2%b8schfigur-s\/"},"modified":"2021-01-01T20:33:59","modified_gmt":"2021-01-01T19:33:59","slug":"mario-party-donkey-kong-plueschfigur-s","status":"publish","type":"product","link":"https:\/\/mangabox.net\/en\/produkt\/mario-party-donkey-kong-plueschfigur-s\/","title":{"rendered":"Mario Party: Donkey Kong Pl\u00fcschfigur (S)"},"content":{"rendered":"<h1><span style=\"font-size: x-large;\"><strong>Mario Party: Donkey Kong<\/strong><\/span><strong><br \/><\/strong><\/h1>\n<p style=\"margin-left: 40px;\">&#8211; Gr\u00f6\u00dfe (S) H\u00f6he ca. 23 cm, Breite ca. 21 cm<br \/>&#8211; fantastische Qualit\u00e4t und sehr detailreich.<\/p>\n<p>Original Pl\u00fcschfigur, produziert von Hudson unter der Lizenz von Nintendo.<\/p>\n","protected":false},"excerpt":{"rendered":"<p>Perfekte Gr\u00f6\u00dfe f\u00fcr Auto, Bett und Sofa<\/p>\n","protected":false},"featured_media":47456,"template":"","meta":[],"product_brand":[],"product_cat":[599,571],"product_tag":[],"class_list":{"0":"post-43561","1":"product","2":"type-product","3":"status-publish","4":"has-post-thumbnail","6":"product_cat-nintendo","7":"product_cat-07-pluesch","8":"product_shipping_class-standard","10":"first","11":"instock","12":"taxable","13":"shipping-taxable","14":"purchasable","15":"product-type-simple"},"_links":{"self":[{"href":"https:\/\/mangabox.net\/en\/wp-json\/wp\/v2\/product\/43561","targetHints":{"allow":["GET"]}}],"collection":[{"href":"https:\/\/mangabox.net\/en\/wp-json\/wp\/v2\/product"}],"about":[{"href":"https:\/\/mangabox.net\/en\/wp-json\/wp\/v2\/types\/product"}],"wp:featuredmedia":[{"embeddable":true,"href":"https:\/\/mangabox.net\/en\/wp-json\/wp\/v2\/media\/47456"}],"wp:attachment":[{"href":"https:\/\/mangabox.net\/en\/wp-json\/wp\/v2\/media?parent=43561"}],"wp:term":[{"taxonomy":"product_brand","embeddable":true,"href":"https:\/\/mangabox.net\/en\/wp-json\/wp\/v2\/product_brand?post=43561"},{"taxonomy":"product_cat","embeddable":true,"href":"https:\/\/mangabox.net\/en\/wp-json\/wp\/v2\/product_cat?post=43561"},{"taxonomy":"product_tag","embeddable":true,"href":"https:\/\/mangabox.net\/en\/wp-json\/wp\/v2\/product_tag?post=43561"}],"curies":[{"name":"wp","href":"https:\/\/api.w.org\/{rel}","templated":true}]}}