{"id":43578,"date":"2020-07-05T17:01:06","date_gmt":"2020-07-05T15:01:06","guid":{"rendered":"https:\/\/mangabox.net\/produkt\/shuraki-trinity-box-2-ryu-meifen-cd\/"},"modified":"2021-01-01T20:34:04","modified_gmt":"2021-01-01T19:34:04","slug":"shuraki-trinity-box-2-ryu-meifen-cd","status":"publish","type":"product","link":"https:\/\/mangabox.net\/en\/produkt\/shuraki-trinity-box-2-ryu-meifen-cd\/","title":{"rendered":"Shuraki Trinity Box #2: Ryu Meifen + CD"},"content":{"rendered":"<p><!--[if gte mso 9]><xml> <o:DocumentProperties> <o:Template>Normal.dotm<\/o:Template> <o:Revision>0<\/o:Revision> <o:TotalTime>0<\/o:TotalTime> <o:Pages>1<\/o:Pages> <o:Words>42<\/o:Words> <o:Characters>245<\/o:Characters> <o:Company>Manga Caf&eacute;<\/o:Company> <o:Lines>2<\/o:Lines> <o:Paragraphs>1<\/o:Paragraphs> <o:CharactersWithSpaces>300<\/o:CharactersWithSpaces> <o:Version>12.0<\/o:Version> <\/o:DocumentProperties> <o:OfficeDocumentSettings> <o:AllowPNG \/> <\/o:OfficeDocumentSettings> <\/xml><![endif]--><!--[if gte mso 9]><xml> <w:WordDocument> <w:Zoom>0<\/w:Zoom> <w:TrackMoves>false<\/w:TrackMoves> <w:TrackFormatting \/> <w:PunctuationKerning \/> <w:DrawingGridHorizontalSpacing>18 pt<\/w:DrawingGridHorizontalSpacing> <w:DrawingGridVerticalSpacing>18 pt<\/w:DrawingGridVerticalSpacing> <w:DisplayHorizontalDrawingGridEvery>0<\/w:DisplayHorizontalDrawingGridEvery> <w:DisplayVerticalDrawingGridEvery>0<\/w:DisplayVerticalDrawingGridEvery> <w:ValidateAgainstSchemas \/> <w:SaveIfXMLInvalid>false<\/w:SaveIfXMLInvalid> <w:IgnoreMixedContent>false<\/w:IgnoreMixedContent> <w:AlwaysShowPlaceholderText>false<\/w:AlwaysShowPlaceholderText> <w:Compatibility> <w:BreakWrappedTables \/> <w:DontGrowAutofit \/> <w:DontAutofitConstrainedTables \/> <w:DontVertAlignInTxbx \/> <\/w:Compatibility> <\/w:WordDocument> <\/xml><![endif]--><!--[if gte mso 9]><xml> <w:LatentStyles DefLockedState=\"false\" LatentStyleCount=\"276\"> <\/w:LatentStyles> <\/xml><![endif]--><!--[if gte mso 10]> <mce:style><!   \/* Style Definitions *\/ table.MsoNormalTable \t{mso-style-name:\"Table Normal\"; \tmso-tstyle-rowband-size:0; \tmso-tstyle-colband-size:0; \tmso-style-noshow:yes; \tmso-style-parent:\"\"; \tmso-padding-alt:0cm 5.4pt 0cm 5.4pt; \tmso-para-margin-top:0cm; \tmso-para-margin-right:0cm; \tmso-para-margin-bottom:10.0pt; \tmso-para-margin-left:0cm; \tmso-pagination:widow-orphan; \tfont-size:12.0pt; \tfont-family:\"Times New Roman\"; \tmso-ascii-font-family:Cambria; \tmso-ascii-theme-font:minor-latin; \tmso-hansi-font-family:Cambria; \tmso-hansi-theme-font:minor-latin;} --> <!--[endif]--> <!--StartFragment--><!--[if gte mso 9]><xml> <o:DocumentProperties> <o:Template>Normal.dotm<\/o:Template> <o:Revision>0<\/o:Revision> <o:TotalTime>0<\/o:TotalTime> <o:Pages>1<\/o:Pages> <o:Words>6<\/o:Words> <o:Characters>38<\/o:Characters> <o:Company>Manga Caf&eacute;<\/o:Company> <o:Lines>1<\/o:Lines> <o:Paragraphs>1<\/o:Paragraphs> <o:CharactersWithSpaces>46<\/o:CharactersWithSpaces> <o:Version>12.0<\/o:Version> <\/o:DocumentProperties> <o:OfficeDocumentSettings> <o:AllowPNG \/> <\/o:OfficeDocumentSettings> <\/xml><![endif]--><!--[if gte mso 9]><xml> <w:WordDocument> <w:Zoom>0<\/w:Zoom> <w:TrackMoves>false<\/w:TrackMoves> <w:TrackFormatting \/> <w:PunctuationKerning \/> <w:DrawingGridHorizontalSpacing>18 pt<\/w:DrawingGridHorizontalSpacing> <w:DrawingGridVerticalSpacing>18 pt<\/w:DrawingGridVerticalSpacing> <w:DisplayHorizontalDrawingGridEvery>0<\/w:DisplayHorizontalDrawingGridEvery> <w:DisplayVerticalDrawingGridEvery>0<\/w:DisplayVerticalDrawingGridEvery> <w:ValidateAgainstSchemas \/> <w:SaveIfXMLInvalid>false<\/w:SaveIfXMLInvalid> <w:IgnoreMixedContent>false<\/w:IgnoreMixedContent> <w:AlwaysShowPlaceholderText>false<\/w:AlwaysShowPlaceholderText> <w:Compatibility> <w:BreakWrappedTables \/> <w:DontGrowAutofit \/> <w:DontAutofitConstrainedTables \/> <w:DontVertAlignInTxbx \/> <\/w:Compatibility> <\/w:WordDocument> <\/xml><![endif]--><!--[if gte mso 9]><xml> <w:LatentStyles DefLockedState=\"false\" LatentStyleCount=\"276\"> <\/w:LatentStyles> <\/xml><![endif]--> <!--[if gte mso 9]><xml> <o:DocumentProperties> <o:Template>Normal.dotm<\/o:Template> <o:Revision>0<\/o:Revision> <o:TotalTime>0<\/o:TotalTime> <o:Pages>1<\/o:Pages> <o:Words>5<\/o:Words> <o:Characters>29<\/o:Characters> <o:Company>Manga Caf&eacute;<\/o:Company> <o:Lines>1<\/o:Lines> <o:Paragraphs>1<\/o:Paragraphs> <o:CharactersWithSpaces>35<\/o:CharactersWithSpaces> <o:Version>12.0<\/o:Version> <\/o:DocumentProperties> <o:OfficeDocumentSettings> <o:AllowPNG \/> <\/o:OfficeDocumentSettings> <\/xml><![endif]--><!--[if gte mso 9]><xml> <w:WordDocument> <w:Zoom>0<\/w:Zoom> <w:TrackMoves>false<\/w:TrackMoves> <w:TrackFormatting \/> <w:PunctuationKerning \/> <w:DrawingGridHorizontalSpacing>18 pt<\/w:DrawingGridHorizontalSpacing> <w:DrawingGridVerticalSpacing>18 pt<\/w:DrawingGridVerticalSpacing> <w:DisplayHorizontalDrawingGridEvery>0<\/w:DisplayHorizontalDrawingGridEvery> <w:DisplayVerticalDrawingGridEvery>0<\/w:DisplayVerticalDrawingGridEvery> <w:ValidateAgainstSchemas \/> <w:SaveIfXMLInvalid>false<\/w:SaveIfXMLInvalid> <w:IgnoreMixedContent>false<\/w:IgnoreMixedContent> <w:AlwaysShowPlaceholderText>false<\/w:AlwaysShowPlaceholderText> <w:Compatibility> <w:BreakWrappedTables \/> <w:DontGrowAutofit \/> <w:DontAutofitConstrainedTables \/> <w:DontVertAlignInTxbx \/> <\/w:Compatibility> <\/w:WordDocument> <\/xml><![endif]--><!--[if gte mso 9]><xml> <w:LatentStyles DefLockedState=\"false\" LatentStyleCount=\"276\"> <\/w:LatentStyles> <\/xml><![endif]--><span style=\"font-size: x-large;\"><strong><span lang=\"EN-US\" style=\"font-family: Arial;\">Shuraki Trinity Box #2: Ryu Meifen<\/span><\/strong><!--EndFragment--> <\/span><\/p>\n<p><span style=\"font-size: x-large;\"><strong><span lang=\"EN-US\" style=\"font-family: Arial;\">PVC Figur + CD<\/span><\/strong><\/span><strong><span lang=\"EN-US\" style=\"font-size: 22pt; font-family: Arial;\"><br \/><\/span><\/strong><\/p>\n<p> <!--[if gte mso 9]><xml> <o:DocumentProperties> <o:Template>Normal.dotm<\/o:Template> <o:Revision>0<\/o:Revision> <o:TotalTime>0<\/o:TotalTime> <o:Pages>1<\/o:Pages> <o:Words>11<\/o:Words> <o:Characters>64<\/o:Characters> <o:Company>Manga Caf&eacute;<\/o:Company> <o:Lines>1<\/o:Lines> <o:Paragraphs>1<\/o:Paragraphs> <o:CharactersWithSpaces>78<\/o:CharactersWithSpaces> <o:Version>12.0<\/o:Version> <\/o:DocumentProperties> <o:OfficeDocumentSettings> <o:AllowPNG \/> <\/o:OfficeDocumentSettings> <\/xml><![endif]--><!--[if gte mso 9]><xml> <w:WordDocument> <w:Zoom>0<\/w:Zoom> <w:TrackMoves>false<\/w:TrackMoves> <w:TrackFormatting \/> <w:PunctuationKerning \/> <w:DrawingGridHorizontalSpacing>18 pt<\/w:DrawingGridHorizontalSpacing> <w:DrawingGridVerticalSpacing>18 pt<\/w:DrawingGridVerticalSpacing> <w:DisplayHorizontalDrawingGridEvery>0<\/w:DisplayHorizontalDrawingGridEvery> <w:DisplayVerticalDrawingGridEvery>0<\/w:DisplayVerticalDrawingGridEvery> <w:ValidateAgainstSchemas \/> <w:SaveIfXMLInvalid>false<\/w:SaveIfXMLInvalid> <w:IgnoreMixedContent>false<\/w:IgnoreMixedContent> <w:AlwaysShowPlaceholderText>false<\/w:AlwaysShowPlaceholderText> <w:Compatibility> <w:BreakWrappedTables \/> <w:DontGrowAutofit \/> <w:DontAutofitConstrainedTables \/> <w:DontVertAlignInTxbx \/> <\/w:Compatibility> <\/w:WordDocument> <\/xml><![endif]--><!--[if gte mso 9]><xml> <w:LatentStyles DefLockedState=\"false\" LatentStyleCount=\"276\"> <\/w:LatentStyles> <\/xml><![endif]-->   <!--EndFragment--> <\/p>\n<p class=\"MsoNormal\" style=\"margin: 0cm 0cm 0.0001pt 36pt; text-indent: -18pt;\"><!--[if gte mso 9]><xml> <o:DocumentProperties> <o:Template>Normal.dotm<\/o:Template> <o:Revision>0<\/o:Revision> <o:TotalTime>0<\/o:TotalTime> <o:Pages>1<\/o:Pages> <o:Words>2<\/o:Words> <o:Characters>15<\/o:Characters> <o:Company>Manga Caf&eacute;<\/o:Company> <o:Lines>1<\/o:Lines> <o:Paragraphs>1<\/o:Paragraphs> <o:CharactersWithSpaces>18<\/o:CharactersWithSpaces> <o:Version>12.0<\/o:Version> <\/o:DocumentProperties> <o:OfficeDocumentSettings> <o:AllowPNG \/> <\/o:OfficeDocumentSettings> <\/xml><![endif]--><!--[if gte mso 9]><xml> <w:WordDocument> <w:Zoom>0<\/w:Zoom> <w:TrackMoves>false<\/w:TrackMoves> <w:TrackFormatting \/> <w:PunctuationKerning \/> <w:DrawingGridHorizontalSpacing>18 pt<\/w:DrawingGridHorizontalSpacing> <w:DrawingGridVerticalSpacing>18 pt<\/w:DrawingGridVerticalSpacing> <w:DisplayHorizontalDrawingGridEvery>0<\/w:DisplayHorizontalDrawingGridEvery> <w:DisplayVerticalDrawingGridEvery>0<\/w:DisplayVerticalDrawingGridEvery> <w:ValidateAgainstSchemas \/> <w:SaveIfXMLInvalid>false<\/w:SaveIfXMLInvalid> <w:IgnoreMixedContent>false<\/w:IgnoreMixedContent> <w:AlwaysShowPlaceholderText>false<\/w:AlwaysShowPlaceholderText> <w:Compatibility> <w:BreakWrappedTables \/> <w:DontGrowAutofit \/> <w:DontAutofitConstrainedTables \/> <w:DontVertAlignInTxbx \/> <\/w:Compatibility> <\/w:WordDocument> <\/xml><![endif]--><!--[if gte mso 9]><xml> <w:LatentStyles DefLockedState=\"false\" LatentStyleCount=\"276\"> <\/w:LatentStyles> <\/xml><![endif]--> <!--[if gte mso 10]> <mce:style><!   \/* Style Definitions *\/ table.MsoNormalTable \t{mso-style-name:\"Table Normal\"; \tmso-tstyle-rowband-size:0; \tmso-tstyle-colband-size:0; \tmso-style-noshow:yes; \tmso-style-parent:\"\"; \tmso-padding-alt:0cm 5.4pt 0cm 5.4pt; \tmso-para-margin-top:0cm; \tmso-para-margin-right:0cm; \tmso-para-margin-bottom:10.0pt; \tmso-para-margin-left:0cm; \tmso-pagination:widow-orphan; \tfont-size:12.0pt; \tfont-family:\"Times New Roman\"; \tmso-ascii-font-family:Cambria; \tmso-ascii-theme-font:minor-latin; \tmso-hansi-font-family:Cambria; \tmso-hansi-theme-font:minor-latin;} --> <!--[endif]--> <!--StartFragment--><span lang=\"EN-US\" style=\"font-family: Arial;\">&#8211;<\/span><span lang=\"EN-US\" style=\"font-family: Arial;\">&#160;&#160;&#160;&#160;<\/span><span lang=\"EN-US\" style=\"font-family: Arial;\">Ma\u00dfstab ~1\/8<\/span><\/p>\n<p class=\"MsoNormal\" style=\"margin: 0cm 0cm 0.0001pt 36pt; text-indent: -18pt;\"><span lang=\"EN-US\" style=\"font-family: Arial;\">-&#160;&#160;&#160; wechselbares outfit<br \/><\/span><\/p>\n<p class=\"MsoNormal\" style=\"margin: 0cm 0cm 0.0001pt 36pt; text-indent: -18pt;\"><span lang=\"EN-US\" style=\"font-family: Arial;\">-&#160;&#160;&#160; inklusive base<\/span><\/p>\n<p class=\"MsoNormal\" style=\"margin: 0cm 0cm 0.0001pt 36pt; text-indent: -18pt;\"><span lang=\"EN-US\" style=\"font-family: Arial;\">-&#160;&#160;&#160; inklusive Audio CD<\/span><\/p>\n<p class=\"MsoNormal\" style=\"margin: 0cm 0cm 0.0001pt 36pt; text-indent: -18pt;\"><span lang=\"EN-US\" style=\"font-family: Arial;\">-&#160;&#160;&#160; inklusive B5 booklet (24 Seiten)<br \/><\/span><\/p>\n<p>&#160;<\/p>\n<p> <!--StartFragment--><!--EndFragment--> <!--EndFragment--><\/p>\n","protected":false},"excerpt":{"rendered":"<p>Sehr beliebte Figur, da sie nicht mit Extras geizt (CD, optionelle Teile, booklet) Doch vor allem ist sie wirklich hervorragend modelliert und verarbeitet. Einfach eine au\u00dfergew\u00f6hnlich h\u00fcbsche Figur. Dies gilt \u00fcbrigens f\u00fcr alle bisher erschienenen Figuren der Reihe &#8220;Shuraki Trinity Box&#8221;  \u00a0<\/p>\n","protected":false},"featured_media":61347,"template":"","meta":[],"product_brand":[],"product_cat":[570,607],"product_tag":[],"class_list":{"0":"post-43578","1":"product","2":"type-product","3":"status-publish","4":"has-post-thumbnail","6":"product_cat-01-figuren","7":"product_cat-pvc-figuren","8":"product_shipping_class-standard","10":"first","11":"instock","12":"taxable","13":"shipping-taxable","14":"purchasable","15":"product-type-simple"},"_links":{"self":[{"href":"https:\/\/mangabox.net\/en\/wp-json\/wp\/v2\/product\/43578","targetHints":{"allow":["GET"]}}],"collection":[{"href":"https:\/\/mangabox.net\/en\/wp-json\/wp\/v2\/product"}],"about":[{"href":"https:\/\/mangabox.net\/en\/wp-json\/wp\/v2\/types\/product"}],"wp:featuredmedia":[{"embeddable":true,"href":"https:\/\/mangabox.net\/en\/wp-json\/wp\/v2\/media\/61347"}],"wp:attachment":[{"href":"https:\/\/mangabox.net\/en\/wp-json\/wp\/v2\/media?parent=43578"}],"wp:term":[{"taxonomy":"product_brand","embeddable":true,"href":"https:\/\/mangabox.net\/en\/wp-json\/wp\/v2\/product_brand?post=43578"},{"taxonomy":"product_cat","embeddable":true,"href":"https:\/\/mangabox.net\/en\/wp-json\/wp\/v2\/product_cat?post=43578"},{"taxonomy":"product_tag","embeddable":true,"href":"https:\/\/mangabox.net\/en\/wp-json\/wp\/v2\/product_tag?post=43578"}],"curies":[{"name":"wp","href":"https:\/\/api.w.org\/{rel}","templated":true}]}}