{"id":43586,"date":"2020-07-05T17:01:06","date_gmt":"2020-07-05T15:01:06","guid":{"rendered":"https:\/\/mangabox.net\/produkt\/tomoyasu-hotei-space-cowboy-show-encore-album-cd\/"},"modified":"2021-01-01T20:34:08","modified_gmt":"2021-01-01T19:34:08","slug":"tomoyasu-hotei-space-cowboy-show-encore-album-cd","status":"publish","type":"product","link":"https:\/\/mangabox.net\/en\/produkt\/tomoyasu-hotei-space-cowboy-show-encore-album-cd\/","title":{"rendered":"Tomoyasu Hotei: Space Cowboy Show Encore Album CD"},"content":{"rendered":"<p><span style=\"font-size: x-large;\"><strong>Tomoyasu Hotei: <\/strong><\/span><span style=\"font-size: x-large;\"><strong>Space Cowboy Show Encore Album CD<\/strong><\/span><\/p>\n<p> <!--{125913662073017}--> <\/p>\n<p style=\"margin: 0cm 0cm 0.0001pt 36pt; text-indent: -18pt;\" class=\"MsoNormal\">CD-Nr.: TOCT-9851<\/p>\n<p style=\"margin: 0cm 0cm 0.0001pt 36pt; text-indent: -18pt;\" class=\"MsoNormal\">&#160;<\/p>\n<p style=\"margin: 0cm 0cm 0.0001pt 36pt; text-indent: -18pt;\" class=\"MsoNormal\">CD1<\/p>\n<p style=\"margin: 0cm 0cm 0.0001pt 36pt; text-indent: -18pt;\" class=\"MsoNormal\">01: FULL MOON PARTY (Day-O, Hound Dog)<\/p>\n<p style=\"margin: 0cm 0cm 0.0001pt 36pt; text-indent: -18pt;\" class=\"MsoNormal\">02: FULL MOON BLUES<\/p>\n<p style=\"margin: 0cm 0cm 0.0001pt 36pt; text-indent: -18pt;\" class=\"MsoNormal\">03: C\u00b4MON EVERYBODY<\/p>\n<p style=\"margin: 0cm 0cm 0.0001pt 36pt; text-indent: -18pt;\" class=\"MsoNormal\">04: LONELY WILD<\/p>\n<p style=\"margin: 0cm 0cm 0.0001pt 36pt; text-indent: -18pt;\" class=\"MsoNormal\">05: MERRY CHRISTMAS, LONELY HEART<\/p>\n<p style=\"margin: 0cm 0cm 0.0001pt 36pt; text-indent: -18pt;\" class=\"MsoNormal\">06: FLY INTO YOUR DREAM (Velvet Kiss)<\/p>\n<p style=\"margin: 0cm 0cm 0.0001pt 36pt; text-indent: -18pt;\" class=\"MsoNormal\">&#160;<\/p>\n<p>Nat\u00fcrlich handelt es sich auch hier um ein japanisches Originalprodukt und keine Raubkopie, wie sie so h\u00e4ufig auf Veranstaltungen und im Internet angeboten werden.<\/p>\n","protected":false},"excerpt":{"rendered":"<p>Album mit 6 tracks von einem der besten K\u00fcnstler, die die J-Rock Szene zu bieten hat &#8211; auch wenn er leider au\u00dferhalb\u00a0Japans nicht so ber\u00fchmt ist, wie es seiner w\u00fcrdig w\u00e4re. Wusstest du z. B. , da\u00df der bekannten theme song in &#8220;Kill Bill&#8221; von ihm stammt? Man k\u00f6nnte ihn als Elvis Presley Japans bezeichnen, da er sowohl eine markante Stimme hat, als auch fantastisch Gitarre spielen kann. <\/p>\n","protected":false},"featured_media":71079,"template":"","meta":[],"product_brand":[],"product_cat":[573,645,679],"product_tag":[],"class_list":{"0":"post-43586","1":"product","2":"type-product","3":"status-publish","4":"has-post-thumbnail","6":"product_cat-05-cd-lp-dvd-blu-ray","7":"product_cat-j-pop-rock-cds","8":"product_cat-tomoyasu-hotei","9":"product_shipping_class-standard","11":"first","12":"instock","13":"taxable","14":"shipping-taxable","15":"purchasable","16":"product-type-simple"},"_links":{"self":[{"href":"https:\/\/mangabox.net\/en\/wp-json\/wp\/v2\/product\/43586","targetHints":{"allow":["GET"]}}],"collection":[{"href":"https:\/\/mangabox.net\/en\/wp-json\/wp\/v2\/product"}],"about":[{"href":"https:\/\/mangabox.net\/en\/wp-json\/wp\/v2\/types\/product"}],"wp:featuredmedia":[{"embeddable":true,"href":"https:\/\/mangabox.net\/en\/wp-json\/wp\/v2\/media\/71079"}],"wp:attachment":[{"href":"https:\/\/mangabox.net\/en\/wp-json\/wp\/v2\/media?parent=43586"}],"wp:term":[{"taxonomy":"product_brand","embeddable":true,"href":"https:\/\/mangabox.net\/en\/wp-json\/wp\/v2\/product_brand?post=43586"},{"taxonomy":"product_cat","embeddable":true,"href":"https:\/\/mangabox.net\/en\/wp-json\/wp\/v2\/product_cat?post=43586"},{"taxonomy":"product_tag","embeddable":true,"href":"https:\/\/mangabox.net\/en\/wp-json\/wp\/v2\/product_tag?post=43586"}],"curies":[{"name":"wp","href":"https:\/\/api.w.org\/{rel}","templated":true}]}}