{"id":43607,"date":"2020-07-05T17:01:08","date_gmt":"2020-07-05T15:01:08","guid":{"rendered":"https:\/\/mangabox.net\/produkt\/kiki%c2%a5s-kleiner-lieferservice-kiki%c2%a5s-delivery-service-hi-tech-series\/"},"modified":"2022-06-11T14:15:12","modified_gmt":"2022-06-11T12:15:12","slug":"kikis-kleiner-lieferservice-kikis-delivery-service-hi-tech-series","status":"publish","type":"product","link":"https:\/\/mangabox.net\/en\/produkt\/kikis-kleiner-lieferservice-kikis-delivery-service-hi-tech-series\/","title":{"rendered":"Kiki&#8217;s kleiner Lieferservice \/ Kiki&#8217;s delivery service Hi-tech Series"},"content":{"rendered":"<p><span style=\"font-size: xx-large;\"><strong>Kiki\u00b4s kleiner Lieferservice \/&#160;Kiki\u00b4s delivery service Hi-tech Series<br \/><\/strong><\/span><\/p>\n<p> <!--{125913662073017}--> <\/p>\n<p style=\"margin: 0cm 0cm 0.0001pt 36pt; text-indent: -18pt;\" class=\"MsoNormal\">CD-Nr.: TKCA-72743<\/p>\n<p style=\"margin: 0cm 0cm 0.0001pt 36pt; text-indent: -18pt;\" class=\"MsoNormal\">&#160;<\/p>\n<p style=\"margin: 0cm 0cm 0.0001pt 36pt; text-indent: -18pt;\" class=\"MsoNormal\">CD1<\/p>\n<p style=\"margin: 0cm 0cm 0.0001pt 36pt; text-indent: -18pt;\" class=\"MsoNormal\">01: Kaasan no Houki (Mom&#8217;s Broom)<\/p>\n<p style=\"margin: 0cm 0cm 0.0001pt 36pt; text-indent: -18pt;\" class=\"MsoNormal\">02: Nagisa no Deito (A Date at the Beach)<\/p>\n<p style=\"margin: 0cm 0cm 0.0001pt 36pt; text-indent: -18pt;\" class=\"MsoNormal\">03: Pan&#8217;ya-san no Mado (The Baker&#8217;s Window)<\/p>\n<p style=\"margin: 0cm 0cm 0.0001pt 36pt; text-indent: -18pt;\" class=\"MsoNormal\">04: Ririi to Jiji (Lilly and Jiji)<\/p>\n<p style=\"margin: 0cm 0cm 0.0001pt 36pt; text-indent: -18pt;\" class=\"MsoNormal\">05: Machi no Yoru (A Night at the Town)<\/p>\n<p style=\"margin: 0cm 0cm 0.0001pt 36pt; text-indent: -18pt;\" class=\"MsoNormal\">06: Kaze no Oka (Windy Hill)<\/p>\n<p style=\"margin: 0cm 0cm 0.0001pt 36pt; text-indent: -18pt;\" class=\"MsoNormal\">07: Nanpa Doori (Pick-up Street)<\/p>\n<p style=\"margin: 0cm 0cm 0.0001pt 36pt; text-indent: -18pt;\" class=\"MsoNormal\">08: Genki ni Naresou (I&#8217;ll be All Right)<\/p>\n<p style=\"margin: 0cm 0cm 0.0001pt 36pt; text-indent: -18pt;\" class=\"MsoNormal\">09: Sekai-tte Hiroi ha (The World is so Vast)<\/p>\n<p style=\"margin: 0cm 0cm 0.0001pt 36pt; text-indent: -18pt;\" class=\"MsoNormal\">&#160;<\/p>\n<p>Nat\u00fcrlich handelt es sich auch hier um ein japanisches Originalprodukt und keine Raubkopie, wie sie so h\u00e4ufig auf Veranstaltungen und im Internet angeboten werden.<\/p>\n","protected":false},"excerpt":{"rendered":"<p>In der HI-TECH SERIES werden die bekannten Themen und Melodien aus dem Film mit Synthesizern wiedergegeben. Die Musik gab es in dieser Form NICHT im Film zu h\u00f6ren, so da\u00df man sich angenehm \u00fcberraschen lassen darf. <\/p>\n","protected":false},"featured_media":71171,"template":"","meta":[],"product_brand":[],"product_cat":[643,573,696],"product_tag":[],"class_list":{"0":"post-43607","1":"product","2":"type-product","3":"status-publish","4":"has-post-thumbnail","6":"product_cat-anime-cds","7":"product_cat-05-cd-lp-dvd-blu-ray","8":"product_cat-ghibli-anime-cds","9":"product_shipping_class-standard","11":"first","12":"outofstock","13":"taxable","14":"shipping-taxable","15":"purchasable","16":"product-type-simple"},"_links":{"self":[{"href":"https:\/\/mangabox.net\/en\/wp-json\/wp\/v2\/product\/43607","targetHints":{"allow":["GET"]}}],"collection":[{"href":"https:\/\/mangabox.net\/en\/wp-json\/wp\/v2\/product"}],"about":[{"href":"https:\/\/mangabox.net\/en\/wp-json\/wp\/v2\/types\/product"}],"wp:featuredmedia":[{"embeddable":true,"href":"https:\/\/mangabox.net\/en\/wp-json\/wp\/v2\/media\/71171"}],"wp:attachment":[{"href":"https:\/\/mangabox.net\/en\/wp-json\/wp\/v2\/media?parent=43607"}],"wp:term":[{"taxonomy":"product_brand","embeddable":true,"href":"https:\/\/mangabox.net\/en\/wp-json\/wp\/v2\/product_brand?post=43607"},{"taxonomy":"product_cat","embeddable":true,"href":"https:\/\/mangabox.net\/en\/wp-json\/wp\/v2\/product_cat?post=43607"},{"taxonomy":"product_tag","embeddable":true,"href":"https:\/\/mangabox.net\/en\/wp-json\/wp\/v2\/product_tag?post=43607"}],"curies":[{"name":"wp","href":"https:\/\/api.w.org\/{rel}","templated":true}]}}