{"id":43622,"date":"2020-07-05T17:01:09","date_gmt":"2020-07-05T15:01:09","guid":{"rendered":"https:\/\/mangabox.net\/produkt\/bishoujo-senshi-sailor-moon-r-music-collection\/"},"modified":"2021-01-01T20:34:22","modified_gmt":"2021-01-01T19:34:22","slug":"bishoujo-senshi-sailor-moon-r-music-collection","status":"publish","type":"product","link":"https:\/\/mangabox.net\/en\/produkt\/bishoujo-senshi-sailor-moon-r-music-collection\/","title":{"rendered":"Bishoujo Senshi Sailor Moon R Music Collection"},"content":{"rendered":"<p><span style=\"font-size: xx-large;\"><strong>Bishoujo Senshi Sailor Moon R&#160;&#160;&#160;&#160;&#160; Music Collection<\/strong><\/span><span style=\"font-size: xx-large;\"><strong><br \/><\/strong><\/span><\/p>\n<p> <!--{125913662073017}--> <\/p>\n<p style=\"margin: 0cm 0cm 0.0001pt 36pt; text-indent: -18pt;\" class=\"MsoNormal\">CD-Nr.: COCC-10705<\/p>\n<p style=\"margin: 0cm 0cm 0.0001pt 36pt; text-indent: -18pt;\" class=\"MsoNormal\">&#160;<\/p>\n<p style=\"margin: 0cm 0cm 0.0001pt 36pt; text-indent: -18pt;\" class=\"MsoNormal\">CD1<\/p>\n<p style=\"margin: 0cm 0cm 0.0001pt 36pt; text-indent: -18pt;\" class=\"MsoNormal\">01: Otome no Policy (&#8220;Maiden&#8217;s Policy&#8221;)<\/p>\n<p style=\"margin: 0cm 0cm 0.0001pt 36pt; text-indent: -18pt;\" class=\"MsoNormal\">02: Yuujou, Soshite Ai (&#8220;Friendship, Then Love&#8221;)<\/p>\n<p style=\"margin: 0cm 0cm 0.0001pt 36pt; text-indent: -18pt;\" class=\"MsoNormal\">03: Makaiju (&#8220;Hell Tree&#8221;)<\/p>\n<p style=\"margin: 0cm 0cm 0.0001pt 36pt; text-indent: -18pt;\" class=\"MsoNormal\">04: Watashi ga Tatakau (&#8220;I&#8217;m Gonna Fight!&#8221;)<\/p>\n<p style=\"margin: 0cm 0cm 0.0001pt 36pt; text-indent: -18pt;\" class=\"MsoNormal\">05: &#8220;Kiyoku, Akaruku,???<\/p>\n<p style=\"margin: 0cm 0cm 0.0001pt 36pt; text-indent: -18pt;\" class=\"MsoNormal\">06: Atatanaru Teki (&#8220;New Enemies&#8221;)<\/p>\n<p style=\"margin: 0cm 0cm 0.0001pt 36pt; text-indent: -18pt;\" class=\"MsoNormal\">07: Tsuiseki ha Bouken no Hajimari (&#8220;The Chase Begins the Adventure&#8221;)<\/p>\n<p style=\"margin: 0cm 0cm 0.0001pt 36pt; text-indent: -18pt;\" class=\"MsoNormal\">08: Tsuki ha Miteiru (&#8220;The Moon is Watching&#8221;)<\/p>\n<p style=\"margin: 0cm 0cm 0.0001pt 36pt; text-indent: -18pt;\" class=\"MsoNormal\">09: Kanashimi wo Yuuki ni Kaete (&#8220;Changing Sadness Into Courage&#8221;)<\/p>\n<p style=\"margin: 0cm 0cm 0.0001pt 36pt; text-indent: -18pt;\" class=\"MsoNormal\">10: Suki to Itte (&#8220;Say You Love Me&#8221;)<\/p>\n<p style=\"margin: 0cm 0cm 0.0001pt 36pt; text-indent: -18pt;\" class=\"MsoNormal\">&#160;<\/p>\n<p>Nat\u00fcrlich handelt es sich auch hier um ein japanisches Originalprodukt und keine Raubkopie, wie sie so h\u00e4ufig auf Veranstaltungen und im Internet angeboten werden.<\/p>\n","protected":false},"excerpt":{"rendered":"<p>\u00dcber die Qualit\u00e4t der Musik zur Sailor Moon-Reihe gibt es nicht viel zu sagen &#8211; au\u00dfer, da\u00df sich in jeder guten Soundtracksammlung ein paar CDs von Sailor Moon befinden sollten PUNKT! &#8220;Out of print&#8221; und nur in sehr begrenzter St\u00fcckzahl lieferbar. <\/p>\n","protected":false},"featured_media":71281,"template":"","meta":[],"product_brand":[],"product_cat":[643,573,697],"product_tag":[],"class_list":{"0":"post-43622","1":"product","2":"type-product","3":"status-publish","4":"has-post-thumbnail","6":"product_cat-anime-cds","7":"product_cat-05-cd-lp-dvd-blu-ray","8":"product_cat-sailor-moon","9":"product_shipping_class-standard","11":"first","12":"outofstock","13":"taxable","14":"shipping-taxable","15":"purchasable","16":"product-type-simple"},"_links":{"self":[{"href":"https:\/\/mangabox.net\/en\/wp-json\/wp\/v2\/product\/43622","targetHints":{"allow":["GET"]}}],"collection":[{"href":"https:\/\/mangabox.net\/en\/wp-json\/wp\/v2\/product"}],"about":[{"href":"https:\/\/mangabox.net\/en\/wp-json\/wp\/v2\/types\/product"}],"wp:featuredmedia":[{"embeddable":true,"href":"https:\/\/mangabox.net\/en\/wp-json\/wp\/v2\/media\/71281"}],"wp:attachment":[{"href":"https:\/\/mangabox.net\/en\/wp-json\/wp\/v2\/media?parent=43622"}],"wp:term":[{"taxonomy":"product_brand","embeddable":true,"href":"https:\/\/mangabox.net\/en\/wp-json\/wp\/v2\/product_brand?post=43622"},{"taxonomy":"product_cat","embeddable":true,"href":"https:\/\/mangabox.net\/en\/wp-json\/wp\/v2\/product_cat?post=43622"},{"taxonomy":"product_tag","embeddable":true,"href":"https:\/\/mangabox.net\/en\/wp-json\/wp\/v2\/product_tag?post=43622"}],"curies":[{"name":"wp","href":"https:\/\/api.w.org\/{rel}","templated":true}]}}