{"id":43859,"date":"2020-07-05T17:01:31","date_gmt":"2020-07-05T15:01:31","guid":{"rendered":"https:\/\/mangabox.net\/produkt\/naruto-nunchacla\/"},"modified":"2021-01-01T20:36:05","modified_gmt":"2021-01-01T19:36:05","slug":"naruto-nunchacla","status":"publish","type":"product","link":"https:\/\/mangabox.net\/en\/produkt\/naruto-nunchacla\/","title":{"rendered":"Naruto: NUNCHACLA"},"content":{"rendered":"<div>\n<p><strong><span style=\"font-size: x-large;\"><!--[if gte mso 9]><xml> <o:DocumentProperties> <o:Template>Normal.dotm<\/o:Template> <o:Revision>0<\/o:Revision> <o:TotalTime>0<\/o:TotalTime> <o:Pages>1<\/o:Pages> <o:Words>42<\/o:Words> <o:Characters>245<\/o:Characters> <o:Company>Manga Caf&eacute;<\/o:Company> <o:Lines>2<\/o:Lines> <o:Paragraphs>1<\/o:Paragraphs> <o:CharactersWithSpaces>300<\/o:CharactersWithSpaces> <o:Version>12.0<\/o:Version> <\/o:DocumentProperties> <o:OfficeDocumentSettings> <o:AllowPNG \/> <\/o:OfficeDocumentSettings> <\/xml><![endif]--><!--[if gte mso 9]><xml> <w:WordDocument> <w:Zoom>0<\/w:Zoom> <w:TrackMoves>false<\/w:TrackMoves> <w:TrackFormatting \/> <w:PunctuationKerning \/> <w:DrawingGridHorizontalSpacing>18 pt<\/w:DrawingGridHorizontalSpacing> <w:DrawingGridVerticalSpacing>18 pt<\/w:DrawingGridVerticalSpacing> <w:DisplayHorizontalDrawingGridEvery>0<\/w:DisplayHorizontalDrawingGridEvery> <w:DisplayVerticalDrawingGridEvery>0<\/w:DisplayVerticalDrawingGridEvery> <w:ValidateAgainstSchemas \/> <w:SaveIfXMLInvalid>false<\/w:SaveIfXMLInvalid> <w:IgnoreMixedContent>false<\/w:IgnoreMixedContent> <w:AlwaysShowPlaceholderText>false<\/w:AlwaysShowPlaceholderText> <w:Compatibility> <w:BreakWrappedTables \/> <w:DontGrowAutofit \/> <w:DontAutofitConstrainedTables \/> <w:DontVertAlignInTxbx \/> <\/w:Compatibility> <\/w:WordDocument> <\/xml><![endif]--><!--[if gte mso 9]><xml> <w:LatentStyles DefLockedState=\"false\" LatentStyleCount=\"276\"> <\/w:LatentStyles> <\/xml><![endif]-->Naruto: NUNCHACLA<\/span><\/strong><strong><span style=\"font-size: x-large;\"><br \/><\/span><\/strong><\/p>\n<p>&#160;  <\/p>\n<p class=\"MsoNormal\" style=\"margin: 0cm 0cm 0.0001pt 36pt; text-indent: -18pt;\"><!--{12600447925846}--><!--{12600447925847}--><!--{12600447925848}--> <!--{12600447925849}--> <!--{126004479258410}--> <!--{126004479258411}--><span lang=\"EN-US\" style=\"font-family: Arial;\">&#8211;<\/span><span lang=\"EN-US\" style=\"font-family: Arial;\">&#160;&#160;&#160; Seiten: <\/span><span lang=\"EN-US\" style=\"font-family: Arial;\">32<br \/><\/span><\/p>\n<p class=\"MsoNormal\" style=\"margin: 0cm 0cm 0.0001pt 36pt; text-indent: -18pt;\"><span lang=\"EN-US\" style=\"font-family: Arial;\">-&#160;&#160;&#160; Genre: Sh&#x14D;n<\/span><span lang=\"EN-US\" style=\"font-family: Arial;\">en Ai<\/span><\/p>\n<p class=\"MsoNormal\" style=\"margin: 0cm 0cm 0.0001pt 36pt; text-indent: -18pt;\"><span lang=\"EN-US\" style=\"font-family: Arial;\">-&#160;&#160;&#160; Zirkel\/Zeichner: Diesel 2000<br \/><\/span><\/p>\n<p class=\"MsoNormal\" style=\"margin: 0cm 0cm 0.0001pt 36pt; text-indent: -18pt;\"><span lang=\"EN-US\" style=\"font-family: Arial;\">-&#160;&#160;&#160; Hauptcharaktere: Haku, Zabusa, Iruka, Naruto&#8230;<br \/><\/span><\/p>\n<p class=\"MsoNormal\" style=\"margin-top: 0cm; margin-right: 0cm; margin-bottom: 0.0001pt; text-indent: -18pt;\">&#160;<\/p>\n<\/div>\n<p><u>Erl\u00e4uterung unserer Kategorien:<\/u><\/p>\n<p>Der \u00dcbersicht halber haben wir Doujinshi grob in drei Kategorien unterteilt. Sobald es sexuelle Handlungen oder \u00fcbertriebene Gewalt beinhaltet, ist es &#8220;<a href=\"http:\/\/www.mangabox.net\/ab_18_informationen\">ab 18<\/a>&#8220;.<\/p>\n<p><strong>Sh&#x14D;nen Ai:<\/strong> &#8220;Handlungen&#8221; zwischen m\u00e4nnlichen Charakteren (meist Liebesgeschichten oder auch mehr als das)<\/p>\n<p><strong>Hentai<\/strong><strong>:<\/strong> &#8220;Sexuelle Handlungen&#8221; zwischen weiblichen Charakteren oder zwei verschiedener Geschlechter.<\/p>\n<p><strong>for all: <\/strong>F\u00fcr jeden geeignet, z. B. Gags, Lovestories &amp; Geschichten,  ohne Neigungen oder sexuelle Handlungen.<\/p>\n","protected":false},"excerpt":{"rendered":"<p>F\u00fcr alle, die mit dem Begriff Doujinshi nichts anzufangen wissen, folgt hier die Definition von Wikipedia, welche es recht passend beschreibt: &#8220;Der Begriff D&#x14D;jinshi ist eine Abk\u00fcrzung des Begriffs d&#x14D;jin zasshi (Zeitschrift von und f\u00fcr Gleichgesinnte) und bezeichnet von nichtprofessionellen Zeichnern im Selbstverlag herausgegebene Mangas \u00e4hnlich wie Fanzines. &#8220;Dem m\u00f6chten wir hinzuf\u00fcgen, dass auch vereinzelt professionelle Mangaka, wie z. B. Satoshi Urushihara unter einem Pseudonym ihrer Kreativit\u00e4t ungezwungen ihren Lauf lassen. Leider werden nur wenige, dieser &#8220;Ausfl\u00fcge&#8221; bekannt, doch wenn dies einmal der Fall ist, steigt der Wert, bzw. Preis des betreffenden\u00a0Doujinshi erheblich. <\/p>\n","protected":false},"featured_media":60475,"template":"","meta":[],"product_brand":[],"product_cat":[649,576,671],"product_tag":[],"class_list":{"0":"post-43859","1":"product","2":"type-product","3":"status-publish","4":"has-post-thumbnail","6":"product_cat-doujinshi","7":"product_cat-06-printmedien","8":"product_cat-shonen-ai","9":"product_shipping_class-standard","11":"first","12":"outofstock","13":"taxable","14":"shipping-taxable","15":"purchasable","16":"product-type-simple"},"_links":{"self":[{"href":"https:\/\/mangabox.net\/en\/wp-json\/wp\/v2\/product\/43859","targetHints":{"allow":["GET"]}}],"collection":[{"href":"https:\/\/mangabox.net\/en\/wp-json\/wp\/v2\/product"}],"about":[{"href":"https:\/\/mangabox.net\/en\/wp-json\/wp\/v2\/types\/product"}],"wp:featuredmedia":[{"embeddable":true,"href":"https:\/\/mangabox.net\/en\/wp-json\/wp\/v2\/media\/60475"}],"wp:attachment":[{"href":"https:\/\/mangabox.net\/en\/wp-json\/wp\/v2\/media?parent=43859"}],"wp:term":[{"taxonomy":"product_brand","embeddable":true,"href":"https:\/\/mangabox.net\/en\/wp-json\/wp\/v2\/product_brand?post=43859"},{"taxonomy":"product_cat","embeddable":true,"href":"https:\/\/mangabox.net\/en\/wp-json\/wp\/v2\/product_cat?post=43859"},{"taxonomy":"product_tag","embeddable":true,"href":"https:\/\/mangabox.net\/en\/wp-json\/wp\/v2\/product_tag?post=43859"}],"curies":[{"name":"wp","href":"https:\/\/api.w.org\/{rel}","templated":true}]}}