{"id":43988,"date":"2020-07-05T17:01:42","date_gmt":"2020-07-05T15:01:42","guid":{"rendered":"https:\/\/mangabox.net\/produkt\/maneki-neko-strap-metallgl%cb%86ckchen-white\/"},"modified":"2021-01-01T20:37:00","modified_gmt":"2021-01-01T19:37:00","slug":"maneki-neko-strap-metallgl%cb%86ckchen-white","status":"publish","type":"product","link":"https:\/\/mangabox.net\/en\/produkt\/maneki-neko-strap-metallgl%cb%86ckchen-white\/","title":{"rendered":"Maneki Neko Strap (Metallgl\u02c6ckchen) WHITE"},"content":{"rendered":"<div>\n<p><!--[if gte mso 9]><xml> <o:DocumentProperties> <o:Template>Normal.dotm<\/o:Template> <o:Revision>0<\/o:Revision> <o:TotalTime>0<\/o:TotalTime> <o:Pages>1<\/o:Pages> <o:Words>42<\/o:Words> <o:Characters>245<\/o:Characters> <o:Company>Manga Caf&eacute;<\/o:Company> <o:Lines>2<\/o:Lines> <o:Paragraphs>1<\/o:Paragraphs> <o:CharactersWithSpaces>300<\/o:CharactersWithSpaces> <o:Version>12.0<\/o:Version> <\/o:DocumentProperties> <o:OfficeDocumentSettings> <o:AllowPNG \/> <\/o:OfficeDocumentSettings> <\/xml><![endif]--><!--[if gte mso 9]><xml> <w:WordDocument> <w:Zoom>0<\/w:Zoom> <w:TrackMoves>false<\/w:TrackMoves> <w:TrackFormatting \/> <w:PunctuationKerning \/> <w:DrawingGridHorizontalSpacing>18 pt<\/w:DrawingGridHorizontalSpacing> <w:DrawingGridVerticalSpacing>18 pt<\/w:DrawingGridVerticalSpacing> <w:DisplayHorizontalDrawingGridEvery>0<\/w:DisplayHorizontalDrawingGridEvery> <w:DisplayVerticalDrawingGridEvery>0<\/w:DisplayVerticalDrawingGridEvery> <w:ValidateAgainstSchemas \/> <w:SaveIfXMLInvalid>false<\/w:SaveIfXMLInvalid> <w:IgnoreMixedContent>false<\/w:IgnoreMixedContent> <w:AlwaysShowPlaceholderText>false<\/w:AlwaysShowPlaceholderText> <w:Compatibility> <w:BreakWrappedTables \/> <w:DontGrowAutofit \/> <w:DontAutofitConstrainedTables \/> <w:DontVertAlignInTxbx \/> <\/w:Compatibility> <\/w:WordDocument> <\/xml><![endif]--><!--[if gte mso 9]><xml> <w:LatentStyles DefLockedState=\"false\" LatentStyleCount=\"276\"> <\/w:LatentStyles> <\/xml><![endif]--><!--[if gte mso 10]> <mce:style><!   \/* Style Definitions *\/ table.MsoNormalTable \t{mso-style-name:\"Table Normal\"; \tmso-tstyle-rowband-size:0; \tmso-tstyle-colband-size:0; \tmso-style-noshow:yes; \tmso-style-parent:\"\"; \tmso-padding-alt:0cm 5.4pt 0cm 5.4pt; \tmso-para-margin-top:0cm; \tmso-para-margin-right:0cm; \tmso-para-margin-bottom:10.0pt; \tmso-para-margin-left:0cm; \tmso-pagination:widow-orphan; \tfont-size:12.0pt; \tfont-family:\"Times New Roman\"; \tmso-ascii-font-family:Cambria; \tmso-ascii-theme-font:minor-latin; \tmso-hansi-font-family:Cambria; \tmso-hansi-theme-font:minor-latin;} --> <!--[endif]--> <!--StartFragment--><span style=\"font-size: x-large;\"><span style=\"font-weight: bold;\">Maneki Neko \/&#160;Winkekatze<br \/><\/span><\/span><\/p>\n<p><span style=\"font-size: x-large;\"><span style=\"font-weight: bold;\">Handyanh\u00e4nger<\/span><\/span><span style=\"font-size: x-large;\"><span style=\"font-weight: bold;\"> mit Metallgl\u00f6ckchen<br \/><\/span><\/span><\/p>\n<div>&#160;<\/div>\n<p class=\"MsoNormal\" style=\"margin: 0cm 0cm 0.0001pt 36pt; text-indent: -18pt;\"><span lang=\"EN-US\" style=\"font-family: Arial;\">&#8211;<\/span><span lang=\"EN-US\" style=\"font-family: Arial;\">&#160;&#160;&#160; <\/span>stylischer Gl\u00f6ckchenanh\u00e4nger<\/p>\n<p class=\"MsoNormal\" style=\"margin: 0cm 0cm 0.0001pt 36pt; text-indent: -18pt;\">-&#160;&#160;&#160; stabile Kordel<\/p>\n<p class=\"MsoNormal\" style=\"margin: 0cm 0cm 0.0001pt 36pt; text-indent: -18pt;\"><span lang=\"EN-US\" style=\"font-family: Arial;\">-&#160;&#160;&#160; Gl\u00f6ckchen klingelt relativ laut&#160;&amp; hell<br \/><\/span><\/p>\n<p class=\"MsoNormal\" style=\"margin: 0cm 0cm 0.0001pt 36pt; text-indent: -18pt;\"><span lang=\"EN-US\" style=\"font-family: Arial;\">-&#160;&#160;&#160; H\u00f6he ca. 3cm<\/span><\/p>\n<p class=\"MsoNormal\" style=\"margin: 0cm 0cm 0.0001pt 36pt; text-indent: -18pt;\"><span lang=\"EN-US\" style=\"font-family: Arial;\">-&#160;&#160;&#160; Farbe: WEISS<br \/><\/span><\/p>\n<\/div>\n","protected":false},"excerpt":{"rendered":"<p>Sehr stylischer Anh\u00e4nger, der sich auf Schritt und Tritt bemerkbar macht, damit ihr nicht versehentlich vergesst euer Handy bei euch zu haben. Au\u00dferdem kann man ja nicht genug Gl\u00f6ckchen mit sich f\u00fchren, die munter vor sich hin klingen &#8211; oder?Wem das nicht reicht, der sollte mal nach unseren decals\/Strasssteinstickern f\u00fcrs Handy schauen. <\/p>\n","protected":false},"featured_media":47076,"template":"","meta":[],"product_brand":[],"product_cat":[572,597],"product_tag":[],"class_list":{"0":"post-43988","1":"product","2":"type-product","3":"status-publish","4":"has-post-thumbnail","6":"product_cat-03-anhaenger","7":"product_cat-handyanhaenger","8":"product_shipping_class-standard","10":"first","11":"outofstock","12":"taxable","13":"shipping-taxable","14":"purchasable","15":"product-type-simple"},"_links":{"self":[{"href":"https:\/\/mangabox.net\/en\/wp-json\/wp\/v2\/product\/43988","targetHints":{"allow":["GET"]}}],"collection":[{"href":"https:\/\/mangabox.net\/en\/wp-json\/wp\/v2\/product"}],"about":[{"href":"https:\/\/mangabox.net\/en\/wp-json\/wp\/v2\/types\/product"}],"wp:featuredmedia":[{"embeddable":true,"href":"https:\/\/mangabox.net\/en\/wp-json\/wp\/v2\/media\/47076"}],"wp:attachment":[{"href":"https:\/\/mangabox.net\/en\/wp-json\/wp\/v2\/media?parent=43988"}],"wp:term":[{"taxonomy":"product_brand","embeddable":true,"href":"https:\/\/mangabox.net\/en\/wp-json\/wp\/v2\/product_brand?post=43988"},{"taxonomy":"product_cat","embeddable":true,"href":"https:\/\/mangabox.net\/en\/wp-json\/wp\/v2\/product_cat?post=43988"},{"taxonomy":"product_tag","embeddable":true,"href":"https:\/\/mangabox.net\/en\/wp-json\/wp\/v2\/product_tag?post=43988"}],"curies":[{"name":"wp","href":"https:\/\/api.w.org\/{rel}","templated":true}]}}