{"id":44011,"date":"2020-07-05T17:01:44","date_gmt":"2020-07-05T15:01:44","guid":{"rendered":"https:\/\/mangabox.net\/produkt\/the-legend-of-zelda-ocarina-of-time-fuga\/"},"modified":"2021-01-01T20:37:09","modified_gmt":"2021-01-01T19:37:09","slug":"the-legend-of-zelda-ocarina-of-time-fuga","status":"publish","type":"product","link":"https:\/\/mangabox.net\/en\/produkt\/the-legend-of-zelda-ocarina-of-time-fuga\/","title":{"rendered":"The Legend of Zelda ~Ocarina of Time~ fuga"},"content":{"rendered":"<div>\n<p><strong><!--[if gte mso 9]><xml> <o:DocumentProperties> <o:Template>Normal.dotm<\/o:Template> <o:Revision>0<\/o:Revision> <o:TotalTime>0<\/o:TotalTime> <o:Pages>1<\/o:Pages> <o:Words>42<\/o:Words> <o:Characters>245<\/o:Characters> <o:Company>Manga Caf&eacute;<\/o:Company> <o:Lines>2<\/o:Lines> <o:Paragraphs>1<\/o:Paragraphs> <o:CharactersWithSpaces>300<\/o:CharactersWithSpaces> <o:Version>12.0<\/o:Version> <\/o:DocumentProperties> <o:OfficeDocumentSettings> <o:AllowPNG \/> <\/o:OfficeDocumentSettings> <\/xml><![endif]--><\/strong><span style=\"font-size: x-large;\"><strong>The Legend of Zelda ~Ocarina of Time~<\/strong> <strong>fuga<\/strong><\/span><\/p>\n<p>&#160;<\/p>\n<p class=\"MsoNormal\" style=\"margin: 0cm 0cm 0.0001pt 36pt; text-indent: -18pt;\"><!--{12600447925846}--><!--{12600447925847}--><!--{12600447925848}--> <!--{12600447925849}--> <!--{126004479258410}--> <!--{126004479258411}--><span lang=\"EN-US\" style=\"font-family: Arial;\">&#8211;<\/span><span lang=\"EN-US\" style=\"font-family: Arial;\">&#160;&#160;&#160; Seiten: <\/span><span lang=\"EN-US\" style=\"font-family: Arial;\">32<br \/><\/span><\/p>\n<p class=\"MsoNormal\" style=\"margin: 0cm 0cm 0.0001pt 36pt; text-indent: -18pt;\"><span lang=\"EN-US\" style=\"font-family: Arial;\">-&#160;&#160;&#160; Genre: <strong>for all<\/strong><br \/><\/span><\/p>\n<p class=\"MsoNormal\" style=\"margin: 0cm 0cm 0.0001pt 36pt; text-indent: -18pt;\"><span lang=\"EN-US\" style=\"font-family: Arial;\">-&#160;&#160;&#160; Zirkel\/Zeichner: BRO\u00b4S<br \/><\/span><\/p>\n<p class=\"MsoNormal\" style=\"margin: 0cm 0cm 0.0001pt 36pt; text-indent: -18pt;\"><span lang=\"EN-US\" style=\"font-family: Arial;\">-&#160;&#160;&#160; Hauptcharaktere: diverse<br \/><\/span><\/p>\n<\/div>\n<p><u>Erl\u00e4uterung unserer Kategorien:<\/u><\/p>\n<p>Der \u00dcbersicht halber haben wir Doujinshi grob in drei Kategorien unterteilt. Sobald es sexuelle Handlungen oder \u00fcbertriebene Gewalt beinhaltet, ist es &#8220;<a href=\"http:\/\/www.mangabox.net\/ab_18_informationen\">ab 18<\/a>&#8220;.<\/p>\n<p><strong>Sh&#x14D;nen Ai:<\/strong> &#8220;Handlungen&#8221; zwischen m\u00e4nnlichen Charakteren (meist Liebesgeschichten oder auch mehr als das)<\/p>\n<p><strong>Hentai<\/strong><strong>:<\/strong> &#8220;Sexuelle Handlungen&#8221; zwischen weiblichen Charakteren oder zwei verschiedener Geschlechter.<\/p>\n<p><strong>for all: <\/strong>F\u00fcr jeden geeignet, z. B. Gags, Lovestories &amp; Geschichten,  ohne Neigungen oder sexuelle Handlungen.<\/p>\n","protected":false},"excerpt":{"rendered":"<p>F\u00fcr alle, die mit dem Begriff Doujinshi nichts anzufangen wissen, folgt hier die Definition von Wikipedia, welche es recht passend beschreibt: &#8220;Der Begriff D&#x14D;jinshi ist eine Abk\u00fcrzung des Begriffs d&#x14D;jin zasshi (Zeitschrift von und f\u00fcr Gleichgesinnte) und bezeichnet von nichtprofessionellen Zeichnern im Selbstverlag herausgegebene Mangas \u00e4hnlich wie Fanzines. &#8220;Dem m\u00f6chten wir hinzuf\u00fcgen, dass auch vereinzelt professionelle Mangaka, wie z. B. Satoshi Urushihara unter einem Pseudonym ihrer Kreativit\u00e4t ungezwungen ihren Lauf lassen. Leider werden nur wenige, dieser &#8220;Ausfl\u00fcge&#8221; bekannt, doch wenn dies einmal der Fall ist, steigt der Wert, bzw. Preis des betreffenden\u00a0Doujinshi erheblich. <\/p>\n","protected":false},"featured_media":61015,"template":"","meta":[],"product_brand":[],"product_cat":[649,672,576],"product_tag":[],"class_list":{"0":"post-44011","1":"product","2":"type-product","3":"status-publish","4":"has-post-thumbnail","6":"product_cat-doujinshi","7":"product_cat-for-all","8":"product_cat-06-printmedien","9":"product_shipping_class-standard","11":"first","12":"outofstock","13":"taxable","14":"shipping-taxable","15":"purchasable","16":"product-type-simple"},"_links":{"self":[{"href":"https:\/\/mangabox.net\/en\/wp-json\/wp\/v2\/product\/44011","targetHints":{"allow":["GET"]}}],"collection":[{"href":"https:\/\/mangabox.net\/en\/wp-json\/wp\/v2\/product"}],"about":[{"href":"https:\/\/mangabox.net\/en\/wp-json\/wp\/v2\/types\/product"}],"wp:featuredmedia":[{"embeddable":true,"href":"https:\/\/mangabox.net\/en\/wp-json\/wp\/v2\/media\/61015"}],"wp:attachment":[{"href":"https:\/\/mangabox.net\/en\/wp-json\/wp\/v2\/media?parent=44011"}],"wp:term":[{"taxonomy":"product_brand","embeddable":true,"href":"https:\/\/mangabox.net\/en\/wp-json\/wp\/v2\/product_brand?post=44011"},{"taxonomy":"product_cat","embeddable":true,"href":"https:\/\/mangabox.net\/en\/wp-json\/wp\/v2\/product_cat?post=44011"},{"taxonomy":"product_tag","embeddable":true,"href":"https:\/\/mangabox.net\/en\/wp-json\/wp\/v2\/product_tag?post=44011"}],"curies":[{"name":"wp","href":"https:\/\/api.w.org\/{rel}","templated":true}]}}