{"id":44037,"date":"2020-07-05T17:01:45","date_gmt":"2020-07-05T15:01:45","guid":{"rendered":"https:\/\/mangabox.net\/produkt\/ranma-o-dvd-box-komplette-serie-mit-161-folgen\/"},"modified":"2021-01-01T20:37:21","modified_gmt":"2021-01-01T19:37:21","slug":"ranma-o-dvd-box-komplette-serie-mit-161-folgen","status":"publish","type":"product","link":"https:\/\/mangabox.net\/en\/produkt\/ranma-o-dvd-box-komplette-serie-mit-161-folgen\/","title":{"rendered":"Ranma O DvD-Box (komplette Serie mit 161 Folgen)"},"content":{"rendered":"<div>\n<p><strong><span style=\"font-size: x-large;\"><!--[if gte mso 9]><xml> <o:DocumentProperties> <o:Template>Normal.dotm<\/o:Template> <o:Revision>0<\/o:Revision> <o:TotalTime>0<\/o:TotalTime> <o:Pages>1<\/o:Pages> <o:Words>42<\/o:Words> <o:Characters>245<\/o:Characters> <o:Company>Manga Caf&eacute;<\/o:Company> <o:Lines>2<\/o:Lines> <o:Paragraphs>1<\/o:Paragraphs> <o:CharactersWithSpaces>300<\/o:CharactersWithSpaces> <o:Version>12.0<\/o:Version> <\/o:DocumentProperties> <o:OfficeDocumentSettings> <o:AllowPNG \/> <\/o:OfficeDocumentSettings> <\/xml><![endif]--><!--[if gte mso 9]><xml> <w:WordDocument> <w:Zoom>0<\/w:Zoom> <w:TrackMoves>false<\/w:TrackMoves> <w:TrackFormatting \/> <w:PunctuationKerning \/> <w:DrawingGridHorizontalSpacing>18 pt<\/w:DrawingGridHorizontalSpacing> <w:DrawingGridVerticalSpacing>18 pt<\/w:DrawingGridVerticalSpacing> <w:DisplayHorizontalDrawingGridEvery>0<\/w:DisplayHorizontalDrawingGridEvery> <w:DisplayVerticalDrawingGridEvery>0<\/w:DisplayVerticalDrawingGridEvery> <w:ValidateAgainstSchemas \/> <w:SaveIfXMLInvalid>false<\/w:SaveIfXMLInvalid> <w:IgnoreMixedContent>false<\/w:IgnoreMixedContent> <w:AlwaysShowPlaceholderText>false<\/w:AlwaysShowPlaceholderText> <w:Compatibility> <w:BreakWrappedTables \/> <w:DontGrowAutofit \/> <w:DontAutofitConstrainedTables \/> <w:DontVertAlignInTxbx \/> <\/w:Compatibility> <\/w:WordDocument> <\/xml><![endif]--><!--[if gte mso 9]><xml> <w:LatentStyles DefLockedState=\"false\" LatentStyleCount=\"276\"> <\/w:LatentStyles> <\/xml><![endif]-->Ranma &frac12; DvD-Box Vol. 1-40<\/span><\/strong><strong><br \/><\/strong><\/p>\n<div>&nbsp;<\/div>\n<p class=\"MsoNormal\" style=\"margin: 0cm 0cm 0.0001pt 36pt; text-indent: -18pt;\"><!--{12600447925846}--><!--{12600447925847}--><!--{12600447925848}--> <!--{12600447925849}--> <!--{126004479258410}--> <!--{126004479258411}--><span style=\"font-family: Arial;\" lang=\"EN-US\">&#8211;<\/span><span style=\"font-family: Arial;\" lang=\"EN-US\">&nbsp;&nbsp;&nbsp; <\/span><span style=\"font-family: Arial;\" lang=\"EN-US\">komplette Serie (40 DvDs)<br \/><\/span><\/p>\n<p class=\"MsoNormal\" style=\"margin: 0cm 0cm 0.0001pt 36pt; text-indent: -18pt;\"><span style=\"font-family: Arial;\" lang=\"EN-US\">&#8211;&nbsp;&nbsp;&nbsp; inklusive Bonus-DvD<br \/><\/span><\/p>\n<p class=\"MsoNormal\" style=\"margin: 0cm 0cm 0.0001pt 36pt; text-indent: -18pt;\"><span style=\"font-family: Arial;\" lang=\"EN-US\">&#8211;&nbsp;&nbsp;&nbsp; japanische Original-Version OHNE&nbsp;Untertitel und NUR in japanischer Sprache<br \/><\/span><\/p>\n<p class=\"MsoNormal\" style=\"margin: 0cm 0cm 0.0001pt 36pt; text-indent: -18pt;\"><span style=\"font-family: Arial;\" lang=\"EN-US\">&#8211;&nbsp;&nbsp;&nbsp; inklusive Wandregal um die 41 DvDs stilvoll aufzubewahren<\/span><\/p>\n<p class=\"MsoNormal\" style=\"margin: 0cm 0cm 0.0001pt 36pt; text-indent: -18pt;\"><span style=\"font-family: Arial;\" lang=\"EN-US\">&#8211;&nbsp;&nbsp;&nbsp; Artikelnummer:&nbsp;PCBA-60001<\/span><\/p>\n<p class=\"MsoNormal\" style=\"margin: 0cm 0cm 0.0001pt 36pt; text-indent: -18pt;\">&nbsp;<\/p>\n<\/div>\n<p><strong>WICHTIG!<\/strong> Die DvDs sind Regionalcode 2 NTSC und laufen somit nicht auf allen DvD-playern. Des weiteren ist NUR die japanische Tonspur abgelegt und es sind keine deutschen oder englischen Untertitel vorhanden!<\/p>\n","protected":false},"excerpt":{"rendered":"<p>die komplette japanische Serie mit 161 Folgen (in Deutschland erschienen nur die ersten 80 Folgen)Bitte beachten da\u00df diese Box nur die japanische Tonspur und keine deutschen oder englischen Untertitel beinhaltet. Der Yenpreis von 192. 000\u00a5 betr\u00e4gt momentan umgerechnet etwa 1400 &#8211; DvDs sind in Japan unverh\u00e4ltnism\u00e4\u00dfig teurer als bei uns! <\/p>\n","protected":false},"featured_media":71469,"template":"","meta":[],"product_brand":[],"product_cat":[687,573,644],"product_tag":[],"class_list":{"0":"post-44037","1":"product","2":"type-product","3":"status-publish","4":"has-post-thumbnail","6":"product_cat-anime-serien-filme","7":"product_cat-05-cd-lp-dvd-blu-ray","8":"product_cat-dvds-blu-ray","9":"product_shipping_class-standard","11":"first","12":"instock","13":"taxable","14":"shipping-taxable","15":"purchasable","16":"product-type-simple"},"_links":{"self":[{"href":"https:\/\/mangabox.net\/en\/wp-json\/wp\/v2\/product\/44037","targetHints":{"allow":["GET"]}}],"collection":[{"href":"https:\/\/mangabox.net\/en\/wp-json\/wp\/v2\/product"}],"about":[{"href":"https:\/\/mangabox.net\/en\/wp-json\/wp\/v2\/types\/product"}],"wp:featuredmedia":[{"embeddable":true,"href":"https:\/\/mangabox.net\/en\/wp-json\/wp\/v2\/media\/71469"}],"wp:attachment":[{"href":"https:\/\/mangabox.net\/en\/wp-json\/wp\/v2\/media?parent=44037"}],"wp:term":[{"taxonomy":"product_brand","embeddable":true,"href":"https:\/\/mangabox.net\/en\/wp-json\/wp\/v2\/product_brand?post=44037"},{"taxonomy":"product_cat","embeddable":true,"href":"https:\/\/mangabox.net\/en\/wp-json\/wp\/v2\/product_cat?post=44037"},{"taxonomy":"product_tag","embeddable":true,"href":"https:\/\/mangabox.net\/en\/wp-json\/wp\/v2\/product_tag?post=44037"}],"curies":[{"name":"wp","href":"https:\/\/api.w.org\/{rel}","templated":true}]}}