{"id":44146,"date":"2020-07-05T17:02:02","date_gmt":"2020-07-05T15:02:02","guid":{"rendered":"https:\/\/mangabox.net\/produkt\/strawberry-chocolate-comb-ball-chain\/"},"modified":"2025-08-18T19:25:13","modified_gmt":"2025-08-18T17:25:13","slug":"strawberry-chocolate-comb-ball-chain","status":"publish","type":"product","link":"https:\/\/mangabox.net\/en\/produkt\/strawberry-chocolate-comb-ball-chain\/","title":{"rendered":"Strawberry Chocolate Comb Ball Chain"},"content":{"rendered":"<div>\n<p><strong><span style=\"font-size: x-large;\"><!--[if gte mso 9]><xml> <o:DocumentProperties> <o:Template>Normal.dotm<\/o:Template> <o:Revision>0<\/o:Revision> <o:TotalTime>0<\/o:TotalTime> <o:Pages>1<\/o:Pages> <o:Words>42<\/o:Words> <o:Characters>245<\/o:Characters> <o:Company>Manga Caf&eacute;<\/o:Company> <o:Lines>2<\/o:Lines> <o:Paragraphs>1<\/o:Paragraphs> <o:CharactersWithSpaces>300<\/o:CharactersWithSpaces> <o:Version>12.0<\/o:Version> <\/o:DocumentProperties> <o:OfficeDocumentSettings> <o:AllowPNG \/> <\/o:OfficeDocumentSettings> <\/xml><![endif]--><!--[if gte mso 9]><xml> <w:WordDocument> <w:Zoom>0<\/w:Zoom> <w:TrackMoves>false<\/w:TrackMoves> <w:TrackFormatting \/> <w:PunctuationKerning \/> <w:DrawingGridHorizontalSpacing>18 pt<\/w:DrawingGridHorizontalSpacing> <w:DrawingGridVerticalSpacing>18 pt<\/w:DrawingGridVerticalSpacing> <w:DisplayHorizontalDrawingGridEvery>0<\/w:DisplayHorizontalDrawingGridEvery> <w:DisplayVerticalDrawingGridEvery>0<\/w:DisplayVerticalDrawingGridEvery> <w:ValidateAgainstSchemas \/> <w:SaveIfXMLInvalid>false<\/w:SaveIfXMLInvalid> <w:IgnoreMixedContent>false<\/w:IgnoreMixedContent> <w:AlwaysShowPlaceholderText>false<\/w:AlwaysShowPlaceholderText> <w:Compatibility> <w:BreakWrappedTables \/> <w:DontGrowAutofit \/> <w:DontAutofitConstrainedTables \/> <w:DontVertAlignInTxbx \/> <\/w:Compatibility> <\/w:WordDocument> <\/xml><![endif]--><!--[if gte mso 9]><xml> <w:LatentStyles DefLockedState=\"false\" LatentStyleCount=\"276\"> <\/w:LatentStyles> <\/xml><![endif]-->Strawberry Chocolate Comb Ball Chain<\/span><\/strong><\/p>\n<p>&#160;  <\/p>\n<p class=\"MsoNormal\" style=\"margin: 0cm 0cm 0.0001pt 36pt; text-indent: -18pt;\"><!--{12600447925846}--><!--{12600447925847}--><!--{12600447925848}--> <!--{12600447925849}--> <!--{126004479258410}--> <!--{126004479258411}--><span lang=\"EN-US\" style=\"font-family: Arial;\">&#8211;<\/span><span lang=\"EN-US\" style=\"font-family: Arial;\">&#160;&#160; hochwertiger und stabiler Schl\u00fcsselanh\u00e4nger \/ keychain<br \/><\/span><\/p>\n<p class=\"MsoNormal\" style=\"margin: 0cm 0cm 0.0001pt 36pt; text-indent: -18pt;\"><span lang=\"EN-US\" style=\"font-family: Arial;\">-&#160;&#160; ausklappbar zum Kamm<\/span><\/p>\n<p class=\"MsoNormal\" style=\"margin: 0cm 0cm 0.0001pt 36pt; text-indent: -18pt;\"><span lang=\"EN-US\" style=\"font-family: Arial;\">-&#160;&#160; <\/span>Gr\u00f6\u00dfe ca. 10,6 x 7,5 x 0,9 cm<\/p>\n<p class=\"MsoNormal\" style=\"margin: 0cm 0cm 0.0001pt 36pt; text-indent: -18pt;\">&#160;<\/p>\n<div>Wir bieten auch den passenden Schminkspiegel als Anh\u00e4nger an!<\/div>\n<\/div>\n","protected":false},"excerpt":{"rendered":"<p>Stylischer Anh\u00e4nger f\u00fcr Schl\u00fcsselbund, Rucksack und Co. Der innenseitige Klappkamm wird durch die Schokoschale beim Transport gesch\u00fctzt. Den Rest der Zeit hat man einen &#8220;s\u00fc\u00dfen&#8221; Anh\u00e4nger &#8211; was will man mehr? Wer nun an einen Schminkspiegel im selben Design denkt sollte sich hier im Shop nochmal etwas genauer umschauen, den f\u00fchren wir n\u00e4mlich auch   \ud83d\ude09   <\/p>\n","protected":false},"featured_media":70833,"template":"","meta":[],"product_brand":[],"product_cat":[616,572,575,598,613],"product_tag":[],"class_list":{"0":"post-44146","1":"product","2":"type-product","3":"status-publish","4":"has-post-thumbnail","6":"product_cat-accessoires","7":"product_cat-03-anhaenger","8":"product_cat-08-japanese-living","9":"product_cat-schluesselanhaenger","10":"product_cat-wtf","11":"product_shipping_class-standard","13":"first","14":"instock","15":"taxable","16":"shipping-taxable","17":"purchasable","18":"product-type-simple"},"_links":{"self":[{"href":"https:\/\/mangabox.net\/en\/wp-json\/wp\/v2\/product\/44146","targetHints":{"allow":["GET"]}}],"collection":[{"href":"https:\/\/mangabox.net\/en\/wp-json\/wp\/v2\/product"}],"about":[{"href":"https:\/\/mangabox.net\/en\/wp-json\/wp\/v2\/types\/product"}],"wp:featuredmedia":[{"embeddable":true,"href":"https:\/\/mangabox.net\/en\/wp-json\/wp\/v2\/media\/70833"}],"wp:attachment":[{"href":"https:\/\/mangabox.net\/en\/wp-json\/wp\/v2\/media?parent=44146"}],"wp:term":[{"taxonomy":"product_brand","embeddable":true,"href":"https:\/\/mangabox.net\/en\/wp-json\/wp\/v2\/product_brand?post=44146"},{"taxonomy":"product_cat","embeddable":true,"href":"https:\/\/mangabox.net\/en\/wp-json\/wp\/v2\/product_cat?post=44146"},{"taxonomy":"product_tag","embeddable":true,"href":"https:\/\/mangabox.net\/en\/wp-json\/wp\/v2\/product_tag?post=44146"}],"curies":[{"name":"wp","href":"https:\/\/api.w.org\/{rel}","templated":true}]}}