{"id":44197,"date":"2020-07-05T17:02:07","date_gmt":"2020-07-05T15:02:07","guid":{"rendered":"https:\/\/mangabox.net\/produkt\/neon-genesis-evangelion-2-0-illustrious-ver-mari-makinami\/"},"modified":"2021-01-01T20:38:45","modified_gmt":"2021-01-01T19:38:45","slug":"neon-genesis-evangelion-2-0-illustrious-ver-mari-makinami","status":"publish","type":"product","link":"https:\/\/mangabox.net\/en\/produkt\/neon-genesis-evangelion-2-0-illustrious-ver-mari-makinami\/","title":{"rendered":"Neon Genesis Evangelion 2.0 Illustrious Ver.: Mari Makinami"},"content":{"rendered":"<div>\n<p><span style=\"font-size: x-large;\"><span style=\"font-weight: bold;\">Neon Genesis Evangelion 2.0<\/span><\/span><\/p>\n<p><span style=\"font-size: x-large;\"><span style=\"font-weight: bold;\">Mari Makinami <\/span><\/span><span style=\"font-size: x-large;\"><span style=\"font-weight: bold;\">&#8220;Illustrious Ver.&#8221;<\/span><\/span><span style=\"font-size: x-large;\"><span style=\"font-weight: bold;\"> <\/span><\/span><\/p>\n<div>&#160;<\/div>\n<p style=\"margin: 0cm 0cm 0.0001pt 36pt; text-indent: -18pt;\" class=\"MsoNormal\"><span lang=\"EN-US\" style=\"font-family: Arial;\">&#8211;<\/span><span lang=\"EN-US\" style=\"font-family: Arial;\">&#160;&#160;&#160; <\/span><span lang=\"EN-US\" style=\"font-family: Arial;\">H\u00f6he: ca. 24cm<\/span><span lang=\"EN-US\" style=\"font-family: Arial;\"><br \/><\/span><\/p>\n<p style=\"margin: 0cm 0cm 0.0001pt 36pt; text-indent: -18pt;\" class=\"MsoNormal\"><span lang=\"EN-US\" style=\"font-family: Arial;\">-&#160;&#160;&#160; inkl. Base<\/span><\/p>\n<p style=\"margin: 0cm 0cm 0.0001pt 36pt; text-indent: -18pt;\" class=\"MsoNormal\"><span lang=\"EN-US\" style=\"font-family: Arial;\">-&#160;&#160;&#160; hervorragend verarbeitet<\/span><span lang=\"EN-US\" style=\"font-family: Arial;\"><br \/><\/span><\/p>\n<p style=\"margin: 0cm 0cm 0.0001pt 36pt; text-indent: -18pt;\" class=\"MsoNormal\"><span lang=\"EN-US\" style=\"font-family: Arial;\">-&#160;&#160;&#160; detailliert modelliert<\/span><\/p>\n<\/div>\n","protected":false},"excerpt":{"rendered":"<p>Mari wurde hier wunderbar getroffen. Sowohl die Pose, als auch die Verarbeitung wissen vollkommen zu \u00fcberzeugen. Figuren dieser Qualit\u00e4t sind sonst preislich eine Klasse h\u00f6her angesiedelt &#8211; daher sollte man nicht zu lange \u00fcberlegen, wir haben nur wenige Exemplare auf Lager! <\/p>\n","protected":false},"featured_media":63429,"template":"","meta":[],"product_brand":[],"product_cat":[570,607],"product_tag":[],"class_list":{"0":"post-44197","1":"product","2":"type-product","3":"status-publish","4":"has-post-thumbnail","6":"product_cat-01-figuren","7":"product_cat-pvc-figuren","8":"product_shipping_class-standard","10":"first","11":"instock","12":"taxable","13":"shipping-taxable","14":"purchasable","15":"product-type-simple"},"_links":{"self":[{"href":"https:\/\/mangabox.net\/en\/wp-json\/wp\/v2\/product\/44197","targetHints":{"allow":["GET"]}}],"collection":[{"href":"https:\/\/mangabox.net\/en\/wp-json\/wp\/v2\/product"}],"about":[{"href":"https:\/\/mangabox.net\/en\/wp-json\/wp\/v2\/types\/product"}],"wp:featuredmedia":[{"embeddable":true,"href":"https:\/\/mangabox.net\/en\/wp-json\/wp\/v2\/media\/63429"}],"wp:attachment":[{"href":"https:\/\/mangabox.net\/en\/wp-json\/wp\/v2\/media?parent=44197"}],"wp:term":[{"taxonomy":"product_brand","embeddable":true,"href":"https:\/\/mangabox.net\/en\/wp-json\/wp\/v2\/product_brand?post=44197"},{"taxonomy":"product_cat","embeddable":true,"href":"https:\/\/mangabox.net\/en\/wp-json\/wp\/v2\/product_cat?post=44197"},{"taxonomy":"product_tag","embeddable":true,"href":"https:\/\/mangabox.net\/en\/wp-json\/wp\/v2\/product_tag?post=44197"}],"curies":[{"name":"wp","href":"https:\/\/api.w.org\/{rel}","templated":true}]}}