{"id":44235,"date":"2020-07-05T17:02:10","date_gmt":"2020-07-05T15:02:10","guid":{"rendered":"https:\/\/mangabox.net\/produkt\/squid-girl-shinryaku-ika-musume-beach-figure-ver-2\/"},"modified":"2021-01-01T20:38:53","modified_gmt":"2021-01-01T19:38:53","slug":"squid-girl-shinryaku-ika-musume-beach-figure-ver-2","status":"publish","type":"product","link":"https:\/\/mangabox.net\/en\/produkt\/squid-girl-shinryaku-ika-musume-beach-figure-ver-2\/","title":{"rendered":"Squid Girl \/ Shinryaku!? Ika Musume &#8220;Beach Figure Ver.2&#8221;"},"content":{"rendered":"<div>\n<p><span style=\"font-size: x-large;\"><span style=\"font-weight: bold;\">Squid Girl \/ Shinryaku!?<\/span><\/span><\/p>\n<p><span style=\"font-size: x-large;\"><span style=\"font-weight: bold;\"><span style=\"font-size: x-large;\">Ika Musume &#8220;Beach Figure Ver.2&#8221;<\/span><br \/><\/span><\/span><\/p>\n<div>&#160;<\/div>\n<p class=\"MsoNormal\" style=\"margin: 0cm 0cm 0.0001pt 36pt; text-indent: -18pt;\"><!--{12600447925846}--><!--{12600447925847}--><!--{12600447925848}--> <!--{12600447925849}--> <!--{126004479258410}--> <!--{126004479258411}--><span lang=\"EN-US\" style=\"font-family: Arial;\">&#8211;<\/span><span lang=\"EN-US\" style=\"font-family: Arial;\">&#160;&#160;&#160; <\/span><span lang=\"EN-US\" style=\"font-family: Arial;\">H\u00f6he: ca. 17cm<\/span><span lang=\"EN-US\" style=\"font-family: Arial;\"><br \/><\/span><\/p>\n<p class=\"MsoNormal\" style=\"margin: 0cm 0cm 0.0001pt 36pt; text-indent: -18pt;\"><span lang=\"EN-US\" style=\"font-family: Arial;\">-&#160;&#160;&#160; inklusive Base<\/span><\/p>\n<p class=\"MsoNormal\" style=\"margin: 0cm 0cm 0.0001pt 36pt; text-indent: -18pt;\"><span lang=\"EN-US\" style=\"font-family: Arial;\">-&#160;&#160;&#160; sehr gut verarbeitet<\/span><span lang=\"EN-US\" style=\"font-family: Arial;\"><br \/><\/span><\/p>\n<\/div>\n","protected":false},"excerpt":{"rendered":"<p>Wundersch\u00f6ne Figur zum wohl sympathischsten Invader (neben Zim)Naturgem\u00e4\u00df hat der Charakter nicht sehr viele Details und somit wird auch der anspruchsvolle Sammler hier nichts vermissen. Ika Musume wurde hervorragend getroffen und sauber verarbeitet. Dies ist eine jener Figuren, derer man nicht so schnell \u00fcberdr\u00fcssig wird und sie wohl f\u00fcr immer in der Sammlung behalten mag. Schnell zugreifen, es sind nur wenige Exemplate lieferbar! <\/p>\n","protected":false},"featured_media":63531,"template":"","meta":[],"product_brand":[],"product_cat":[570,607,718],"product_tag":[],"class_list":{"0":"post-44235","1":"product","2":"type-product","3":"status-publish","4":"has-post-thumbnail","6":"product_cat-01-figuren","7":"product_cat-pvc-figuren","8":"product_cat-squid-girl-shinryaku-ika-musume","9":"product_shipping_class-standard","11":"first","12":"outofstock","13":"taxable","14":"shipping-taxable","15":"purchasable","16":"product-type-simple"},"_links":{"self":[{"href":"https:\/\/mangabox.net\/en\/wp-json\/wp\/v2\/product\/44235","targetHints":{"allow":["GET"]}}],"collection":[{"href":"https:\/\/mangabox.net\/en\/wp-json\/wp\/v2\/product"}],"about":[{"href":"https:\/\/mangabox.net\/en\/wp-json\/wp\/v2\/types\/product"}],"wp:featuredmedia":[{"embeddable":true,"href":"https:\/\/mangabox.net\/en\/wp-json\/wp\/v2\/media\/63531"}],"wp:attachment":[{"href":"https:\/\/mangabox.net\/en\/wp-json\/wp\/v2\/media?parent=44235"}],"wp:term":[{"taxonomy":"product_brand","embeddable":true,"href":"https:\/\/mangabox.net\/en\/wp-json\/wp\/v2\/product_brand?post=44235"},{"taxonomy":"product_cat","embeddable":true,"href":"https:\/\/mangabox.net\/en\/wp-json\/wp\/v2\/product_cat?post=44235"},{"taxonomy":"product_tag","embeddable":true,"href":"https:\/\/mangabox.net\/en\/wp-json\/wp\/v2\/product_tag?post=44235"}],"curies":[{"name":"wp","href":"https:\/\/api.w.org\/{rel}","templated":true}]}}