{"id":44255,"date":"2020-07-05T17:02:13","date_gmt":"2020-07-05T15:02:13","guid":{"rendered":"https:\/\/mangabox.net\/produkt\/dororon-enma-kun-meramera-yukiko-hime\/"},"modified":"2023-07-10T18:12:34","modified_gmt":"2023-07-10T16:12:34","slug":"dororon-enma-kun-meramera-yukiko-hime","status":"publish","type":"product","link":"https:\/\/mangabox.net\/en\/produkt\/dororon-enma-kun-meramera-yukiko-hime\/","title":{"rendered":"Dororon Enma-kun Meramera &#8220;Yukiko Hime&#8221;"},"content":{"rendered":"<div>\n<p><span style=\"font-size: x-large;\"><span style=\"font-weight: bold;\">Dororon Enma-kun Meramera<\/span><\/span><\/p>\n<p><span style=\"font-size: x-large;\"><span style=\"font-weight: bold;\">&#8220;Yukiko Hime&#8221;<\/span><\/span><span style=\"font-size: x-large;\"><span style=\"font-weight: bold;\"><br \/><\/span><\/span><\/p>\n<div>&#160;<\/div>\n<p style=\"margin: 0cm 0cm 0.0001pt 36pt; text-indent: -18pt;\" class=\"MsoNormal\"><!--{12600447925846}--><!--{12600447925847}--><!--{12600447925848}--> <!--{12600447925849}--> <!--{126004479258410}--> <!--{126004479258411}--><span lang=\"EN-US\" style=\"font-family: Arial;\">&#8211;<\/span><span lang=\"EN-US\" style=\"font-family: Arial;\">&#160;&#160;&#160; <\/span><span lang=\"EN-US\" style=\"font-family: Arial;\">Ma\u00dfstab: ~1\/8 (H\u00f6he: ca. 21 cm<\/span><span lang=\"EN-US\" style=\"font-family: Arial;\">)<br \/><\/span><\/p>\n<p style=\"margin: 0cm 0cm 0.0001pt 36pt; text-indent: -18pt;\" class=\"MsoNormal\"><span lang=\"EN-US\" style=\"font-family: Arial;\">-&#160;&#160;&#160; inklusive Base<br \/><\/span><\/p>\n<p style=\"margin: 0cm 0cm 0.0001pt 36pt; text-indent: -18pt;\" class=\"MsoNormal\"><span lang=\"EN-US\" style=\"font-family: Arial;\">-&#160;&#160;&#160; sauber verarbeitet<\/span><span lang=\"EN-US\" style=\"font-family: Arial;\"><br \/><\/span><\/p>\n<p style=\"margin: 0cm 0cm 0.0001pt 36pt; text-indent: -18pt;\" class=\"MsoNormal\"><span lang=\"EN-US\" style=\"font-family: Arial;\">-&#160;&#160;&#160; h\u00fcbsch plazierte Details und Schattierungen<br \/><\/span><\/p>\n<p style=\"margin: 0cm 0cm 0.0001pt 36pt; text-indent: -18pt;\" class=\"MsoNormal\"><span lang=\"EN-US\" style=\"font-family: Arial;\">-&#160;&#160;&#160; Kleidung ist entfernbar<\/span><\/p>\n<p style=\"margin: 0cm 0cm 0.0001pt 36pt; text-indent: -18pt;\" class=\"MsoNormal\">&#160;<\/p>\n<div>Wichtig! Dieser Artikel ist <strong>ab 18!<\/strong> Mehr dazu unter <a href=\"http:\/\/www.mangabox.net\/ab_18_informationen\">Bestellungen ab 18<\/a>.<\/div>\n<\/div>\n","protected":false},"excerpt":{"rendered":"<p>Diese Figur der Serie &#8220;Excellent Model CORE&#8221; wirkt auf den ersten\u00a0Blick recht unscheinbar, enth\u00fcllt aber bei genauerer Betrachtung viele liebevoll plazierte Details und Highlights wie z. B. die leicht ger\u00f6teten Wangen. Bei noch genauerer Betrachtung (man muss hier ein wenig nachhelfen ^^ ) enth\u00fcllt die Prinzessin weitere aufw\u00e4ndige Details die es leider notwendig machen dass wir die Figur nur an Person von mindestens 18 Jahren verkaufen. Einzig die Base bietet ein wenig Anlass zur Kritik, sie wirkt Im Vergleich zur Figur uninspiriert und einfach nicht so hochwertig wie es bei der Figur der Fall ist. Trotz dieses vermeintlichen\u00a0Makels besticht diese Figur durch eine angenehme Schlichtheit ohne dabei langweilig zu wirken und wird von uns jedem wahren Sammler w\u00e4rmstens ans Herz gelegt! <\/p>\n","protected":false},"featured_media":63615,"template":"","meta":[],"product_brand":[],"product_cat":[570,607],"product_tag":[],"class_list":{"0":"post-44255","1":"product","2":"type-product","3":"status-publish","4":"has-post-thumbnail","6":"product_cat-01-figuren","7":"product_cat-pvc-figuren","8":"product_shipping_class-standard","10":"first","11":"instock","12":"taxable","13":"shipping-taxable","14":"purchasable","15":"product-type-simple"},"_links":{"self":[{"href":"https:\/\/mangabox.net\/en\/wp-json\/wp\/v2\/product\/44255","targetHints":{"allow":["GET"]}}],"collection":[{"href":"https:\/\/mangabox.net\/en\/wp-json\/wp\/v2\/product"}],"about":[{"href":"https:\/\/mangabox.net\/en\/wp-json\/wp\/v2\/types\/product"}],"wp:featuredmedia":[{"embeddable":true,"href":"https:\/\/mangabox.net\/en\/wp-json\/wp\/v2\/media\/63615"}],"wp:attachment":[{"href":"https:\/\/mangabox.net\/en\/wp-json\/wp\/v2\/media?parent=44255"}],"wp:term":[{"taxonomy":"product_brand","embeddable":true,"href":"https:\/\/mangabox.net\/en\/wp-json\/wp\/v2\/product_brand?post=44255"},{"taxonomy":"product_cat","embeddable":true,"href":"https:\/\/mangabox.net\/en\/wp-json\/wp\/v2\/product_cat?post=44255"},{"taxonomy":"product_tag","embeddable":true,"href":"https:\/\/mangabox.net\/en\/wp-json\/wp\/v2\/product_tag?post=44255"}],"curies":[{"name":"wp","href":"https:\/\/api.w.org\/{rel}","templated":true}]}}