{"id":44259,"date":"2020-07-05T17:02:13","date_gmt":"2020-07-05T15:02:13","guid":{"rendered":"https:\/\/mangabox.net\/produkt\/hanamaru-kindergarten-mascot-set\/"},"modified":"2021-01-01T20:39:02","modified_gmt":"2021-01-01T19:39:02","slug":"hanamaru-kindergarten-mascot-set","status":"publish","type":"product","link":"https:\/\/mangabox.net\/en\/produkt\/hanamaru-kindergarten-mascot-set\/","title":{"rendered":"Hanamaru Kindergarten &#8220;Mascot Set&#8221;"},"content":{"rendered":"<div>\n<p><span style=\"font-size: x-large;\"><span style=\"font-weight: bold;\">Hanamaru Kindergarten<\/span><\/span><\/p>\n<p><span style=\"font-size: x-large;\"><span style=\"font-weight: bold;\">Mascot Set \/<\/span><\/span><span style=\"font-size: x-large;\"><span style=\"font-weight: bold;\"> Anh\u00e4nger Set<br \/><\/span><\/span><\/p>\n<div>&#160;<\/div>\n<p class=\"MsoNormal\" style=\"margin: 0cm 0cm 0.0001pt 36pt; text-indent: -18pt;\"><!--{12600447925846}--><!--{12600447925847}--><!--{12600447925848}--> <!--{12600447925849}--> <!--{126004479258410}--> <!--{126004479258411}--><span lang=\"EN-US\" style=\"font-family: Arial;\">&#8211;<\/span><span lang=\"EN-US\" style=\"font-family: Arial;\">&#160;&#160;&#160; <\/span><span lang=\"EN-US\" style=\"font-family: Arial;\">H\u00f6he je Anh\u00e4nger: ca. 3 cm<\/span><span lang=\"EN-US\" style=\"font-family: Arial;\"><br \/><\/span><\/p>\n<p class=\"MsoNormal\" style=\"margin: 0cm 0cm 0.0001pt 36pt; text-indent: -18pt;\"><span lang=\"EN-US\" style=\"font-family: Arial;\">-&#160;&#160;&#160; 5 einzelne Anh\u00e4nger<br \/><\/span><\/p>\n<p class=\"MsoNormal\" style=\"margin: 0cm 0cm 0.0001pt 36pt; text-indent: -18pt;\"><span lang=\"EN-US\" style=\"font-family: Arial;\">-&#160;&#160;&#160; sauber verarbeitet<\/span><span lang=\"EN-US\" style=\"font-family: Arial;\"><br \/><\/span><\/p>\n<p class=\"MsoNormal\" style=\"margin: 0cm 0cm 0.0001pt 36pt; text-indent: -18pt;\"><span lang=\"EN-US\" style=\"font-family: Arial;\">-&#160;&#160;&#160; jeder der 5 Anh\u00e4nger hat einen Karabinerverschluss<br \/><\/span><\/p>\n<p class=\"MsoNormal\" style=\"margin: 0cm 0cm 0.0001pt 36pt; text-indent: -18pt;\">&#160;<\/p>\n<div>Bitte beachten dass bei diesem Set jeder Anh\u00e4nger zwar einen kleinen Karabiner zum befestigen hat, die typische Kette eines Schl\u00fcsselanh\u00e4ngers oder das bekannte Band bei Handyanh\u00e4ngern ist jedoch <strong>NICHT<\/strong>&#160;enthalten!<\/div>\n<\/div>\n","protected":false},"excerpt":{"rendered":"<p>Gleich 5 knuffige Charaktere aus der Serie &#8220;Hanamaru Kindergarten&#8221; sind in diesem Set enthalten. Anzu-chan, Hiiragi-chan, Koume-chan &amp; Sakura-chan begleiten euch ab nun t\u00e4glich am Schl\u00fcselbund, Handy, Rucksack, Tasche oder wo auch immer ihr sie befestigen m\u00f6chtet. Gegen\u00fcber billigen Anh\u00e4ngern l\u00f6st sich hier nicht bereits nach kurzem Gebrauch die Farbe auch wenn dies fr\u00fcher oder sp\u00e4ter das Schicksal eines jeden Plastikanh\u00e4ngers ist. Wer mag kann die Anh\u00e4ngerschraube problemlos aus den K\u00f6pfen drehen und stellt die Racker zu anderen\u00a0Figuren ins Regal. <\/p>\n","protected":false},"featured_media":70849,"template":"","meta":[],"product_brand":[],"product_cat":[572,597,598],"product_tag":[],"class_list":{"0":"post-44259","1":"product","2":"type-product","3":"status-publish","4":"has-post-thumbnail","6":"product_cat-03-anhaenger","7":"product_cat-handyanhaenger","8":"product_cat-schluesselanhaenger","9":"product_shipping_class-standard","11":"first","12":"instock","13":"taxable","14":"shipping-taxable","15":"purchasable","16":"product-type-simple"},"_links":{"self":[{"href":"https:\/\/mangabox.net\/en\/wp-json\/wp\/v2\/product\/44259","targetHints":{"allow":["GET"]}}],"collection":[{"href":"https:\/\/mangabox.net\/en\/wp-json\/wp\/v2\/product"}],"about":[{"href":"https:\/\/mangabox.net\/en\/wp-json\/wp\/v2\/types\/product"}],"wp:featuredmedia":[{"embeddable":true,"href":"https:\/\/mangabox.net\/en\/wp-json\/wp\/v2\/media\/70849"}],"wp:attachment":[{"href":"https:\/\/mangabox.net\/en\/wp-json\/wp\/v2\/media?parent=44259"}],"wp:term":[{"taxonomy":"product_brand","embeddable":true,"href":"https:\/\/mangabox.net\/en\/wp-json\/wp\/v2\/product_brand?post=44259"},{"taxonomy":"product_cat","embeddable":true,"href":"https:\/\/mangabox.net\/en\/wp-json\/wp\/v2\/product_cat?post=44259"},{"taxonomy":"product_tag","embeddable":true,"href":"https:\/\/mangabox.net\/en\/wp-json\/wp\/v2\/product_tag?post=44259"}],"curies":[{"name":"wp","href":"https:\/\/api.w.org\/{rel}","templated":true}]}}