{"id":44275,"date":"2020-07-05T17:02:14","date_gmt":"2020-07-05T15:02:14","guid":{"rendered":"https:\/\/mangabox.net\/produkt\/masaki-mizuhara-statue-series-suilay\/"},"modified":"2022-03-14T16:58:12","modified_gmt":"2022-03-14T15:58:12","slug":"masaki-mizuhara-statue-series-suilay","status":"publish","type":"product","link":"https:\/\/mangabox.net\/en\/produkt\/masaki-mizuhara-statue-series-suilay\/","title":{"rendered":"Masaki Mizuhara Statue Series &#8220;Suilay&#8221;"},"content":{"rendered":"<p><!--[if gte mso 9]><xml> <o:DocumentProperties> <o:Template>Normal.dotm<\/o:Template> <o:Revision>0<\/o:Revision> <o:TotalTime>0<\/o:TotalTime> <o:Pages>1<\/o:Pages> <o:Words>42<\/o:Words> <o:Characters>245<\/o:Characters> <o:Company>Manga Caf&eacute;<\/o:Company> <o:Lines>2<\/o:Lines> <o:Paragraphs>1<\/o:Paragraphs> <o:CharactersWithSpaces>300<\/o:CharactersWithSpaces> <o:Version>12.0<\/o:Version> <\/o:DocumentProperties> <o:OfficeDocumentSettings> <o:AllowPNG \/> <\/o:OfficeDocumentSettings> <\/xml><![endif]--><!--[if gte mso 9]><xml> <w:WordDocument> <w:Zoom>0<\/w:Zoom> <w:TrackMoves>false<\/w:TrackMoves> <w:TrackFormatting \/> <w:PunctuationKerning \/> <w:DrawingGridHorizontalSpacing>18 pt<\/w:DrawingGridHorizontalSpacing> <w:DrawingGridVerticalSpacing>18 pt<\/w:DrawingGridVerticalSpacing> <w:DisplayHorizontalDrawingGridEvery>0<\/w:DisplayHorizontalDrawingGridEvery> <w:DisplayVerticalDrawingGridEvery>0<\/w:DisplayVerticalDrawingGridEvery> <w:ValidateAgainstSchemas \/> <w:SaveIfXMLInvalid>false<\/w:SaveIfXMLInvalid> <w:IgnoreMixedContent>false<\/w:IgnoreMixedContent> <w:AlwaysShowPlaceholderText>false<\/w:AlwaysShowPlaceholderText> <w:Compatibility> <w:BreakWrappedTables \/> <w:DontGrowAutofit \/> <w:DontAutofitConstrainedTables \/> <w:DontVertAlignInTxbx \/> <\/w:Compatibility> <\/w:WordDocument> <\/xml><![endif]--><!--[if gte mso 9]><xml> <w:LatentStyles DefLockedState=\"false\" LatentStyleCount=\"276\"> <\/w:LatentStyles> <\/xml><![endif]--><!--[if gte mso 10]> <mce:style><!   \/* Style Definitions *\/ table.MsoNormalTable \t{mso-style-name:\"Table Normal\"; \tmso-tstyle-rowband-size:0; \tmso-tstyle-colband-size:0; \tmso-style-noshow:yes; \tmso-style-parent:\"\"; \tmso-padding-alt:0cm 5.4pt 0cm 5.4pt; \tmso-para-margin-top:0cm; \tmso-para-margin-right:0cm; \tmso-para-margin-bottom:10.0pt; \tmso-para-margin-left:0cm; \tmso-pagination:widow-orphan; \tfont-size:12.0pt; \tfont-family:\"Times New Roman\"; \tmso-ascii-font-family:Cambria; \tmso-ascii-theme-font:minor-latin; \tmso-hansi-font-family:Cambria; \tmso-hansi-theme-font:minor-latin;} --> <!--[endif]--> <!--StartFragment--><span style=\"font-size: x-large;\"><strong><span lang=\"EN-US\" style=\"font-family: Arial;\">Masaki Mizuhara Statue Series<br \/><\/span><\/strong><\/span><\/p>\n<p><span style=\"font-size: x-large;\"><strong><span lang=\"EN-US\" style=\"font-family: Arial;\">&#8220;Suilay&#8221;<\/span><\/strong> <strong><span lang=\"EN-US\" style=\"font-family: Arial;\">Resinfigur<\/span><\/strong><\/span><\/p>\n<p class=\"MsoNormal\" style=\"margin: 0.1pt 0cm 0.1pt 18pt;\">&#160;<\/p>\n<p style=\"margin: 0cm 0cm 0.0001pt 36pt; text-indent: -18pt;\" class=\"MsoNormal\"><span lang=\"EN-US\" style=\"font-family: Arial;\">&#8211;<\/span><span lang=\"EN-US\" style=\"font-family: Arial;\">&#160;&#160;&#160;&#160;<\/span><span lang=\"EN-US\" style=\"font-family: Arial;\">Ma\u00dfstab 1\/8<br \/><\/span><\/p>\n<p style=\"margin: 0cm 0cm 0.0001pt 36pt; text-indent: -18pt;\" class=\"MsoNormal\"><span lang=\"EN-US\" style=\"font-family: Arial;\">-&#160;&#160;&#160; inklusive base<br \/><\/span><\/p>\n<p style=\"margin: 0cm 0cm 0.0001pt 36pt; text-indent: -18pt;\" class=\"MsoNormal\"><span lang=\"EN-US\" style=\"font-family: Arial;\">-&#160;&#160;&#160; hochwertig verarbeitet<\/span><span lang=\"EN-US\" style=\"font-family: Arial;\"><br \/><\/span><\/p>\n<p style=\"margin: 0cm 0cm 0.0001pt 36pt; text-indent: -18pt;\" class=\"MsoNormal\"><span lang=\"EN-US\" style=\"font-family: Arial;\">-&#160;&#160;&#160; sculptor: Hiroshi&#160;Sato<\/span><span style=\"font-family: Arial;\"><br \/><\/span><\/p>\n<p style=\"margin: 0cm 0cm 0.0001pt 36pt; text-indent: -18pt;\" class=\"MsoNormal\">&#160;<\/p>\n<div>\n<div><span style=\"font-family: Arial;\">Diese Figur ist ein Einzelst\u00fcck und in Japan schon lange nicht mehr verf\u00fcgbar!<\/span><\/div>\n<\/div>\n<p class=\"MsoNormal\" style=\"margin: 0.1pt 0cm 0.1pt 18pt;\"><!--[if gte mso 9]><xml> <o:DocumentProperties> <o:Template>Normal.dotm<\/o:Template> <o:Revision>0<\/o:Revision> <o:TotalTime>0<\/o:TotalTime> <o:Pages>1<\/o:Pages> <o:Words>43<\/o:Words> <o:Characters>247<\/o:Characters> <o:Company>Manga Caf&eacute;<\/o:Company> <o:Lines>2<\/o:Lines> <o:Paragraphs>1<\/o:Paragraphs> <o:CharactersWithSpaces>303<\/o:CharactersWithSpaces> <o:Version>12.0<\/o:Version> <\/o:DocumentProperties> <o:OfficeDocumentSettings> <o:AllowPNG \/> <\/o:OfficeDocumentSettings> <\/xml><![endif]--><!--[if gte mso 9]><xml> <w:WordDocument> <w:Zoom>0<\/w:Zoom> <w:TrackMoves>false<\/w:TrackMoves> <w:TrackFormatting \/> <w:PunctuationKerning \/> <w:DrawingGridHorizontalSpacing>18 pt<\/w:DrawingGridHorizontalSpacing> <w:DrawingGridVerticalSpacing>18 pt<\/w:DrawingGridVerticalSpacing> <w:DisplayHorizontalDrawingGridEvery>0<\/w:DisplayHorizontalDrawingGridEvery> <w:DisplayVerticalDrawingGridEvery>0<\/w:DisplayVerticalDrawingGridEvery> <w:ValidateAgainstSchemas \/> <w:SaveIfXMLInvalid>false<\/w:SaveIfXMLInvalid> <w:IgnoreMixedContent>false<\/w:IgnoreMixedContent> <w:AlwaysShowPlaceholderText>false<\/w:AlwaysShowPlaceholderText> <w:Compatibility> <w:BreakWrappedTables \/> <w:DontGrowAutofit \/> <w:DontAutofitConstrainedTables \/> <w:DontVertAlignInTxbx \/> <\/w:Compatibility> <\/w:WordDocument> <\/xml><![endif]--><!--[if gte mso 9]><xml> <w:LatentStyles DefLockedState=\"false\" LatentStyleCount=\"276\"> <\/w:LatentStyles> <\/xml><![endif]--> <!--[if gte mso 10]> <mce:style><!   \/* Style Definitions *\/ table.MsoNormalTable \t{mso-style-name:\"Table Normal\"; \tmso-tstyle-rowband-size:0; \tmso-tstyle-colband-size:0; \tmso-style-noshow:yes; \tmso-style-parent:\"\"; \tmso-padding-alt:0cm 5.4pt 0cm 5.4pt; \tmso-para-margin-top:0cm; \tmso-para-margin-right:0cm; \tmso-para-margin-bottom:10.0pt; \tmso-para-margin-left:0cm; \tmso-pagination:widow-orphan; \tfont-size:12.0pt; \tfont-family:\"Times New Roman\"; \tmso-ascii-font-family:Cambria; \tmso-ascii-theme-font:minor-latin; \tmso-hansi-font-family:Cambria; \tmso-hansi-theme-font:minor-latin;} --> <!--[endif]--> <!--StartFragment--><!--EndFragment--><\/p>\n<p> <!--EndFragment--><\/p>\n","protected":false},"excerpt":{"rendered":"<p>Trotz ihres Alters eine sehr h\u00fcbsche und sehr gut verarbeitete Figur. Es handelt sich hier um ein Einzelst\u00fcck und da die Figur in Japan schon lange ausverkauft ist sollte man nicht zu lange \u00fcberlegen. F\u00fcr die Qualit\u00e4t der Fotos entschuldigen wir uns aber gerade weil die Figur schon lange vergiffen ist mangelt es einfach an\u00a0Herstellerfotos. Der Ma\u00dfstab der Figur ist mit 1\/8 angegeben, wirkt aber eher als seien 1\/10 realistisch! <\/p>\n","protected":false},"featured_media":63733,"template":"","meta":[],"product_brand":[],"product_cat":[570,667,606],"product_tag":[],"class_list":{"0":"post-44275","1":"product","2":"type-product","3":"status-publish","4":"has-post-thumbnail","6":"product_cat-01-figuren","7":"product_cat-mixed","8":"product_cat-resin-figuren","9":"product_shipping_class-standard","11":"first","12":"outofstock","13":"taxable","14":"shipping-taxable","15":"purchasable","16":"product-type-simple"},"_links":{"self":[{"href":"https:\/\/mangabox.net\/en\/wp-json\/wp\/v2\/product\/44275","targetHints":{"allow":["GET"]}}],"collection":[{"href":"https:\/\/mangabox.net\/en\/wp-json\/wp\/v2\/product"}],"about":[{"href":"https:\/\/mangabox.net\/en\/wp-json\/wp\/v2\/types\/product"}],"wp:featuredmedia":[{"embeddable":true,"href":"https:\/\/mangabox.net\/en\/wp-json\/wp\/v2\/media\/63733"}],"wp:attachment":[{"href":"https:\/\/mangabox.net\/en\/wp-json\/wp\/v2\/media?parent=44275"}],"wp:term":[{"taxonomy":"product_brand","embeddable":true,"href":"https:\/\/mangabox.net\/en\/wp-json\/wp\/v2\/product_brand?post=44275"},{"taxonomy":"product_cat","embeddable":true,"href":"https:\/\/mangabox.net\/en\/wp-json\/wp\/v2\/product_cat?post=44275"},{"taxonomy":"product_tag","embeddable":true,"href":"https:\/\/mangabox.net\/en\/wp-json\/wp\/v2\/product_tag?post=44275"}],"curies":[{"name":"wp","href":"https:\/\/api.w.org\/{rel}","templated":true}]}}