{"id":44283,"date":"2020-07-05T17:02:15","date_gmt":"2020-07-05T15:02:15","guid":{"rendered":"https:\/\/mangabox.net\/produkt\/last-exile-alvis-lavie\/"},"modified":"2021-01-01T20:39:27","modified_gmt":"2021-01-01T19:39:27","slug":"last-exile-alvis-lavie","status":"publish","type":"product","link":"https:\/\/mangabox.net\/en\/produkt\/last-exile-alvis-lavie\/","title":{"rendered":"Last Exile: Alvis &amp; Lavie"},"content":{"rendered":"<p><span style=\"font-size: x-large;\"><strong><span lang=\"EN-US\" style=\"font-family: Arial;\">Last Exile<br \/><\/span><\/strong><\/span><\/p>\n<p><span style=\"font-size: x-large;\"><strong><span lang=\"EN-US\" style=\"font-family: Arial;\">Alvis &amp;&#160;Lavie <\/span><\/strong><\/span><span style=\"font-size: x-large;\"><strong><span lang=\"EN-US\" style=\"font-family: Arial;\">PVC-Figur<\/span><\/strong><\/span><\/p>\n<div>&#160;<\/div>\n<p style=\"margin: 0cm 0cm 0.0001pt 36pt; text-indent: -18pt;\" class=\"MsoNormal\"><span lang=\"EN-US\" style=\"font-family: Arial;\">&#8211;<\/span><span lang=\"EN-US\" style=\"font-family: Arial;\">&#160;&#160;&#160; <\/span><span lang=\"EN-US\" style=\"font-family: Arial;\">Ma\u00dfstab:&#160;1\/8 H\u00f6he<\/span><span lang=\"EN-US\" style=\"font-family: Arial;\">: ca. 13cm<\/span><\/p>\n<p style=\"margin: 0cm 0cm 0.0001pt 36pt; text-indent: -18pt;\" class=\"MsoNormal\"><span lang=\"EN-US\" style=\"font-family: Arial;\">-&#160;&#160;&#160; inklusive Base<br \/><\/span><\/p>\n<p style=\"margin: 0cm 0cm 0.0001pt 36pt; text-indent: -18pt;\" class=\"MsoNormal\"><span lang=\"EN-US\" style=\"font-family: Arial;\">-&#160;&#160;&#160; Figuren sind auf der Bank frei plazierbar<\/span><\/p>\n<p style=\"margin: 0cm 0cm 0.0001pt 36pt; text-indent: -18pt;\" class=\"MsoNormal\"><span lang=\"EN-US\" style=\"font-family: Arial;\">-&#160;&#160;&#160; Sculptor: <\/span>Kunihito Iwamoto<\/p>\n<p style=\"margin: 0cm 0cm 0.0001pt 36pt; text-indent: -18pt;\" class=\"MsoNormal\"><span lang=\"EN-US\" style=\"font-family: Arial;\">-&#160;&#160;&#160; unz\u00e4hlige, filigrane Details<\/span><\/p>\n<p style=\"margin: 0cm 0cm 0.0001pt 36pt; text-indent: -18pt;\" class=\"MsoNormal\"><span lang=\"EN-US\" style=\"font-family: Arial;\">-&#160;&#160;&#160; sehr sauber verarbeitet<\/span><\/p>\n<p style=\"margin: 0cm 0cm 0.0001pt 36pt; text-indent: -18pt;\" class=\"MsoNormal\">&#160;<\/p>\n<div>Wie bei all unseren Produkten handelt es sich hier nat\u00fcrlich um ein <strong>Original<\/strong> und keine billige Kopie, wie sie vermehrt angeboten werden!<\/div>\n<div><span style=\"font-family: Arial;\"><br \/><\/span><span style=\"font-family: Arial;\">Vorbestellungen sind bis zum <strong>Ausverkauf<\/strong> m\u00f6glich. Der Artikel wird voraussichtlich <strong>Mitte bis Ende Oktober<\/strong><strong> 2012<\/strong> erh\u00e4ltlich sein und sofort nach Eintreffen bei uns an alle Vorbesteller verschickt.<\/span><\/div>\n<p>&#160;<\/p>\n","protected":false},"excerpt":{"rendered":"<p>Range Murata ist nicht nur f\u00fcr  wundersch\u00f6ne Zeichnungen und Artbooks bekannt. Die von ihm  entworfenen\u00a0Figuren erfeuen sich alle gro\u00dfer Beliebtheit und stehen bei  Sammlern weit oben auf der Wunschliste. \u00a0Dieses Set spiegelt eindrucksvoll die Klasse des Gro\u00dfmeisters wieder und besticht neben der fast schon unheimlich wirkenden Qualit\u00e4t durch eben jenen unverwechselbaren Stil Range Muratas &#8211; ein MUSS f\u00fcr jede hochwertige Figurensammlung! <\/p>\n","protected":false},"featured_media":63783,"template":"","meta":[],"product_brand":[],"product_cat":[570,607],"product_tag":[],"class_list":{"0":"post-44283","1":"product","2":"type-product","3":"status-publish","4":"has-post-thumbnail","6":"product_cat-01-figuren","7":"product_cat-pvc-figuren","8":"product_shipping_class-standard","10":"first","11":"outofstock","12":"taxable","13":"shipping-taxable","14":"purchasable","15":"product-type-simple"},"_links":{"self":[{"href":"https:\/\/mangabox.net\/en\/wp-json\/wp\/v2\/product\/44283","targetHints":{"allow":["GET"]}}],"collection":[{"href":"https:\/\/mangabox.net\/en\/wp-json\/wp\/v2\/product"}],"about":[{"href":"https:\/\/mangabox.net\/en\/wp-json\/wp\/v2\/types\/product"}],"wp:featuredmedia":[{"embeddable":true,"href":"https:\/\/mangabox.net\/en\/wp-json\/wp\/v2\/media\/63783"}],"wp:attachment":[{"href":"https:\/\/mangabox.net\/en\/wp-json\/wp\/v2\/media?parent=44283"}],"wp:term":[{"taxonomy":"product_brand","embeddable":true,"href":"https:\/\/mangabox.net\/en\/wp-json\/wp\/v2\/product_brand?post=44283"},{"taxonomy":"product_cat","embeddable":true,"href":"https:\/\/mangabox.net\/en\/wp-json\/wp\/v2\/product_cat?post=44283"},{"taxonomy":"product_tag","embeddable":true,"href":"https:\/\/mangabox.net\/en\/wp-json\/wp\/v2\/product_tag?post=44283"}],"curies":[{"name":"wp","href":"https:\/\/api.w.org\/{rel}","templated":true}]}}