{"id":44284,"date":"2020-07-05T17:02:16","date_gmt":"2020-07-05T15:02:16","guid":{"rendered":"https:\/\/mangabox.net\/produkt\/japanische-dosierflasche-mit-3-%c3%b7ffnungen\/"},"modified":"2021-01-01T20:39:59","modified_gmt":"2021-01-01T19:39:59","slug":"japanische-dosierflasche-mit-3-%c3%b7ffnungen","status":"publish","type":"product","link":"https:\/\/mangabox.net\/en\/produkt\/japanische-dosierflasche-mit-3-%c3%b7ffnungen\/","title":{"rendered":"Japanische Dosierflasche mit 3 \u00f7ffnungen"},"content":{"rendered":"<div>\n<div><!--[if gte mso 9]><xml> <o:DocumentProperties> <o:Template>Normal.dotm<\/o:Template> <o:Revision>0<\/o:Revision> <o:TotalTime>0<\/o:TotalTime> <o:Pages>1<\/o:Pages> <o:Words>42<\/o:Words> <o:Characters>245<\/o:Characters> <o:Company>Manga Caf&eacute;<\/o:Company> <o:Lines>2<\/o:Lines> <o:Paragraphs>1<\/o:Paragraphs> <o:CharactersWithSpaces>300<\/o:CharactersWithSpaces> <o:Version>12.0<\/o:Version> <\/o:DocumentProperties> <o:OfficeDocumentSettings> <o:AllowPNG \/> <\/o:OfficeDocumentSettings> <\/xml><![endif]--><!--[if gte mso 9]><xml> <w:WordDocument> <w:Zoom>0<\/w:Zoom> <w:TrackMoves>false<\/w:TrackMoves> <w:TrackFormatting \/> <w:PunctuationKerning \/> <w:DrawingGridHorizontalSpacing>18 pt<\/w:DrawingGridHorizontalSpacing> <w:DrawingGridVerticalSpacing>18 pt<\/w:DrawingGridVerticalSpacing> <w:DisplayHorizontalDrawingGridEvery>0<\/w:DisplayHorizontalDrawingGridEvery> <w:DisplayVerticalDrawingGridEvery>0<\/w:DisplayVerticalDrawingGridEvery> <w:ValidateAgainstSchemas \/> <w:SaveIfXMLInvalid>false<\/w:SaveIfXMLInvalid> <w:IgnoreMixedContent>false<\/w:IgnoreMixedContent> <w:AlwaysShowPlaceholderText>false<\/w:AlwaysShowPlaceholderText> <w:Compatibility> <w:BreakWrappedTables \/> <w:DontGrowAutofit \/> <w:DontAutofitConstrainedTables \/> <w:DontVertAlignInTxbx \/> <\/w:Compatibility> <\/w:WordDocument> <\/xml><![endif]--><!--[if gte mso 9]><xml> <w:LatentStyles DefLockedState=\"false\" LatentStyleCount=\"276\"> <\/w:LatentStyles> <\/xml><![endif]--><!--[if gte mso 10]> <mce:style><!   \/* Style Definitions *\/ table.MsoNormalTable \t{mso-style-name:\"Table Normal\"; \tmso-tstyle-rowband-size:0; \tmso-tstyle-colband-size:0; \tmso-style-noshow:yes; \tmso-style-parent:\"\"; \tmso-padding-alt:0cm 5.4pt 0cm 5.4pt; \tmso-para-margin-top:0cm; \tmso-para-margin-right:0cm; \tmso-para-margin-bottom:10.0pt; \tmso-para-margin-left:0cm; \tmso-pagination:widow-orphan; \tfont-size:12.0pt; \tfont-family:\"Times New Roman\"; \tmso-ascii-font-family:Cambria; \tmso-ascii-theme-font:minor-latin; \tmso-hansi-font-family:Cambria; \tmso-hansi-theme-font:minor-latin;} --> <!--[endif]--> <!--StartFragment--><span style=\"font-size: x-large;\"><strong>Japanische Dosierflasche<\/strong><span style=\"font-size: x-large;\"><strong> <\/strong><\/span><\/span><span style=\"font-size: large;\"><strong>(Seasoning Bottle)<\/strong><\/span><strong><br \/><\/strong><\/div>\n<div><span style=\"font-size: x-large;\"><strong>mit 3 \u00d6ffnungen<\/strong><\/span><span style=\"font-size: x-large;\"><strong><span lang=\"EN-US\" style=\"font-family: Arial;\"><br \/><\/span><\/strong><\/span><\/div>\n<div>&#160;<\/div>\n<p style=\"margin: 0cm 0cm 0.0001pt 36pt; text-indent: -18pt;\" class=\"MsoNormal\"><!--{12600447925846}--><!--{12600447925847}--><!--{12600447925848}--> <!--{12600447925849}--> <!--{126004479258410}--> <!--{126004479258411}--><span lang=\"EN-US\" style=\"font-family: Arial;\">&#8211;<\/span><span lang=\"EN-US\" style=\"font-family: Arial;\">&#160;&#160;&#160; 3 \u00d6ffnungen um kinderleicht dekorativ dosieren zu k\u00f6nnen<\/span><span lang=\"EN-US\" style=\"font-family: Arial;\"><br \/><\/span><\/p>\n<p style=\"margin: 0cm 0cm 0.0001pt 36pt; text-indent: -18pt;\" class=\"MsoNormal\"><span lang=\"EN-US\" style=\"font-family: Arial;\">-&#160;&#160;&#160; vielseitig verwendbar<\/span><\/p>\n<p style=\"margin: 0cm 0cm 0.0001pt 36pt; text-indent: -18pt;\" class=\"MsoNormal\"><span lang=\"EN-US\" style=\"font-family: Arial;\">-&#160;&#160;&#160; mit Verschlusskappe<\/span><\/p>\n<p style=\"margin: 0cm 0cm 0.0001pt 36pt; text-indent: -18pt;\" class=\"MsoNormal\">-&#160;&#160;&#160; leicht zu reinigen<\/p>\n<p style=\"margin: 0cm 0cm 0.0001pt 36pt; text-indent: -18pt;\" class=\"MsoNormal\"><span lang=\"EN-US\" style=\"font-family: Arial;\">-&#160;&#160;&#160; <\/span><span lang=\"EN-US\" style=\"font-family: Arial;\">Material: Polyethylene&#160;(Flasche) &amp; Polypropylene (Verschluss)<br \/><\/span><\/p>\n<p style=\"margin: 0cm 0cm 0.0001pt 36pt; text-indent: -18pt;\" class=\"MsoNormal\"><span lang=\"EN-US\" style=\"font-family: Arial;\">-&#160;&#160;&#160; Inhalt:&#160;300 ml<\/span><span lang=\"EN-US\" style=\"font-family: Arial;\"><br \/><\/span><\/p>\n<p style=\"margin: 0cm 0cm 0.0001pt 36pt; text-indent: -18pt;\" class=\"MsoNormal\"><span lang=\"EN-US\" style=\"font-family: Arial;\">-&#160;&#160;&#160; Temperaturresistent von -20<\/span><span lang=\"EN-US\" style=\"font-family: Arial;\">\u00b0C bis +60<\/span><span lang=\"EN-US\" style=\"font-family: Arial;\">\u00b0C <\/span><\/p>\n<p style=\"margin: 0cm 0cm 0.0001pt 36pt; text-indent: -18pt;\" class=\"MsoNormal\">&#160;<\/p>\n<div>Geeignet f\u00fcr Mayonnaise, Ketchup, Honig, Eisso\u00dfen und viele weitere So\u00dfen und Dressings, sofern diese keine St\u00fcckchen beinhalten, welche die \u00d6ffnungen verstopfen k\u00f6nnen. Nicht geeignet f\u00fcr d\u00fcnne\/w\u00e4ssrige Fl\u00fcssigkeiten!<\/div>\n<div>&#160;<\/div>\n<div>Nicht geeignet f\u00fcr:&#160;Ofen, Microwelle, Gefrierschrank &amp; Geschirrsp\u00fcler!<\/div>\n<\/div>\n","protected":false},"excerpt":{"rendered":"<p>Wer ein echter Anime- und Mangafan ist wird \u00fcber kurz oder lang auch  der japanischen K\u00fcche verfallen, das ist sicher! Der n\u00e4chste Schritt ist  ebenso selbstverst\u00e4ndlich &#8211; man wagt sich an japanische Rezepte wie  z. B. Okonomiyaki. Sushi, Takoyaki, japanische Salate, etc. Als sei  es nicht schon schwierig genug alle ben\u00f6tigten Zutaten im Supermarkt um  die Ecke zu bekommen, es sieht einfach meist nicht so h\u00fcbsch aus, wie  man es von Bildern kennt &#8211; und das Auge isst bekanntlich mit! Die  Zutaten k\u00f6nnen wir euch nicht bieten, wohl aber diese wirklich  praktische Dosierflasche. Abgesehen davon, dass sich das Ergebnis  wirklich sehen lassen kann l\u00e4sst es sich auch besser dosieren! Wer mag  sein Okonomiyaki schon unter einem dicken Strahl Mayonnaise suchen?WENN\u00a0MAN\u00a0ETWAS\u00a0MIT\u00a0LIEBE\u00a0MACHT, DANN\u00a0SOLLTE\u00a0ES\u00a0AUCH\u00a0DANACH\u00a0AUSSEHEN   \ud83d\ude09   <\/p>\n","protected":false},"featured_media":59877,"template":"","meta":[],"product_brand":[],"product_cat":[575,617,614],"product_tag":[],"class_list":{"0":"post-44284","1":"product","2":"type-product","3":"status-publish","4":"has-post-thumbnail","6":"product_cat-08-japanese-living","7":"product_cat-japanischer-hausrat","8":"product_cat-kochen-backen","9":"product_shipping_class-standard","11":"first","12":"outofstock","13":"taxable","14":"shipping-taxable","15":"purchasable","16":"product-type-simple"},"_links":{"self":[{"href":"https:\/\/mangabox.net\/en\/wp-json\/wp\/v2\/product\/44284","targetHints":{"allow":["GET"]}}],"collection":[{"href":"https:\/\/mangabox.net\/en\/wp-json\/wp\/v2\/product"}],"about":[{"href":"https:\/\/mangabox.net\/en\/wp-json\/wp\/v2\/types\/product"}],"wp:featuredmedia":[{"embeddable":true,"href":"https:\/\/mangabox.net\/en\/wp-json\/wp\/v2\/media\/59877"}],"wp:attachment":[{"href":"https:\/\/mangabox.net\/en\/wp-json\/wp\/v2\/media?parent=44284"}],"wp:term":[{"taxonomy":"product_brand","embeddable":true,"href":"https:\/\/mangabox.net\/en\/wp-json\/wp\/v2\/product_brand?post=44284"},{"taxonomy":"product_cat","embeddable":true,"href":"https:\/\/mangabox.net\/en\/wp-json\/wp\/v2\/product_cat?post=44284"},{"taxonomy":"product_tag","embeddable":true,"href":"https:\/\/mangabox.net\/en\/wp-json\/wp\/v2\/product_tag?post=44284"}],"curies":[{"name":"wp","href":"https:\/\/api.w.org\/{rel}","templated":true}]}}