{"id":44286,"date":"2020-07-05T17:02:16","date_gmt":"2020-07-05T15:02:16","guid":{"rendered":"https:\/\/mangabox.net\/produkt\/bettlaken-denpa-onna-to-seishun-otoko-erio-touwa\/"},"modified":"2021-01-01T20:39:59","modified_gmt":"2021-01-01T19:39:59","slug":"bettlaken-denpa-onna-to-seishun-otoko-erio-touwa","status":"publish","type":"product","link":"https:\/\/mangabox.net\/en\/produkt\/bettlaken-denpa-onna-to-seishun-otoko-erio-touwa\/","title":{"rendered":"Bettlaken: Denpa Onna to Seishun Otoko &#8220;Erio Touwa&#8221;"},"content":{"rendered":"<div>\n<div><!--[if gte mso 9]><xml> <o:DocumentProperties> <o:Template>Normal.dotm<\/o:Template> <o:Revision>0<\/o:Revision> <o:TotalTime>0<\/o:TotalTime> <o:Pages>1<\/o:Pages> <o:Words>42<\/o:Words> <o:Characters>245<\/o:Characters> <o:Company>Manga Caf&eacute;<\/o:Company> <o:Lines>2<\/o:Lines> <o:Paragraphs>1<\/o:Paragraphs> <o:CharactersWithSpaces>300<\/o:CharactersWithSpaces> <o:Version>12.0<\/o:Version> <\/o:DocumentProperties> <o:OfficeDocumentSettings> <o:AllowPNG \/> <\/o:OfficeDocumentSettings> <\/xml><![endif]--><!--[if gte mso 9]><xml> <w:WordDocument> <w:Zoom>0<\/w:Zoom> <w:TrackMoves>false<\/w:TrackMoves> <w:TrackFormatting \/> <w:PunctuationKerning \/> <w:DrawingGridHorizontalSpacing>18 pt<\/w:DrawingGridHorizontalSpacing> <w:DrawingGridVerticalSpacing>18 pt<\/w:DrawingGridVerticalSpacing> <w:DisplayHorizontalDrawingGridEvery>0<\/w:DisplayHorizontalDrawingGridEvery> <w:DisplayVerticalDrawingGridEvery>0<\/w:DisplayVerticalDrawingGridEvery> <w:ValidateAgainstSchemas \/> <w:SaveIfXMLInvalid>false<\/w:SaveIfXMLInvalid> <w:IgnoreMixedContent>false<\/w:IgnoreMixedContent> <w:AlwaysShowPlaceholderText>false<\/w:AlwaysShowPlaceholderText> <w:Compatibility> <w:BreakWrappedTables \/> <w:DontGrowAutofit \/> <w:DontAutofitConstrainedTables \/> <w:DontVertAlignInTxbx \/> <\/w:Compatibility> <\/w:WordDocument> <\/xml><![endif]--><!--[if gte mso 9]><xml> <w:LatentStyles DefLockedState=\"false\" LatentStyleCount=\"276\"> <\/w:LatentStyles> <\/xml><![endif]--><!--[if gte mso 10]> <mce:style><!   \/* Style Definitions *\/ table.MsoNormalTable \t{mso-style-name:\"Table Normal\"; \tmso-tstyle-rowband-size:0; \tmso-tstyle-colband-size:0; \tmso-style-noshow:yes; \tmso-style-parent:\"\"; \tmso-padding-alt:0cm 5.4pt 0cm 5.4pt; \tmso-para-margin-top:0cm; \tmso-para-margin-right:0cm; \tmso-para-margin-bottom:10.0pt; \tmso-para-margin-left:0cm; \tmso-pagination:widow-orphan; \tfont-size:12.0pt; \tfont-family:\"Times New Roman\"; \tmso-ascii-font-family:Cambria; \tmso-ascii-theme-font:minor-latin; \tmso-hansi-font-family:Cambria; \tmso-hansi-theme-font:minor-latin;} --> <!--[endif]--> <!--StartFragment--><span style=\"font-size: x-large;\"><strong><span lang=\"EN-US\" style=\"font-family: Arial;\">Bettlaken \/ Bed Sheet:<\/span><\/strong><\/span><\/div>\n<div><span style=\"font-size: x-large;\"><strong><span lang=\"EN-US\" style=\"font-family: Arial;\">Denpa Onna to Seishun Otoko<\/span><\/strong><\/span><\/div>\n<div><span style=\"font-size: x-large;\"><strong><span lang=\"EN-US\" style=\"font-family: Arial;\"><span style=\"font-size: x-large;\">&#8220;Erio Touwa&#8221;<\/span><br \/><\/span><\/strong><\/span><\/div>\n<div>&#160;<\/div>\n<p class=\"MsoNormal\" style=\"margin: 0cm 0cm 0.0001pt 36pt; text-indent: -18pt;\"><!--{12600447925846}--><!--{12600447925847}--><!--{12600447925848}--> <!--{12600447925849}--> <!--{126004479258410}--> <!--{126004479258411}--><span lang=\"EN-US\" style=\"font-family: Arial;\">&#8211;<\/span><span lang=\"EN-US\" style=\"font-family: Arial;\">&#160;&#160;&#160; hochwertiger Aufdruck<\/span><span lang=\"EN-US\" style=\"font-family: Arial;\"><br \/><\/span><\/p>\n<p class=\"MsoNormal\" style=\"margin: 0cm 0cm 0.0001pt 36pt; text-indent: -18pt;\"><span lang=\"EN-US\" style=\"font-family: Arial;\">-&#160;&#160;&#160; <\/span><span lang=\"EN-US\" style=\"font-family: Arial;\">Ma\u00dfe: 110cm x 200cm<br \/><\/span><\/p>\n<p class=\"MsoNormal\" style=\"margin: 0cm 0cm 0.0001pt 36pt; text-indent: -18pt;\"><span lang=\"EN-US\" style=\"font-family: Arial;\">-&#160;&#160;&#160; 100%&#160;Polyester<\/span><span lang=\"EN-US\" style=\"font-family: Arial;\"><br \/><\/span><\/p>\n<p class=\"MsoNormal\" style=\"margin: 0cm 0cm 0.0001pt 36pt; text-indent: -18pt;\"><span lang=\"EN-US\" style=\"font-family: Arial;\">-&#160;&#160;&#160; waschbar bei <\/span>40\u00ba<\/p>\n<p class=\"MsoNormal\" style=\"margin: 0cm 0cm 0.0001pt 36pt; text-indent: -18pt;\">&#160;<\/p>\n<div>Auch wenn gerade bei Bettbez\u00fcgen und Dakimakura \u00fcberwiegend billige Kopien angeboten werden handelt es sich bei uns nat\u00fcrlich wie immer um ein hochwertiges Originalprodukt!<\/div>\n<\/div>\n","protected":false},"excerpt":{"rendered":"<p>Und wieder etwas f\u00fcr den praktisch veranlagten Fan! Dies ist nicht nur ein sehr hochwertiges und gigantisches Wandposter (die meisten unserer Kunden h\u00e4ngen ihre Laken als \u00fcbergro\u00dfes &#8220;Wallscroll&#8221; an die Wand) sondern ein ganz normal verwendbares Bettlaken mit hochwertigem Aufdruck. Nat\u00fcrlich h\u00e4lt kein\u00a0Aufdruck f\u00fcr immer aber wenn man sich an die empfohlene Feinw\u00e4sche h\u00e4lt hat man selbst bei t\u00e4glicher Nutzung lange etwas von diesem Bettlaken &#8211; anders als bei den minderwertigen Kopien, die in den meisten\u00a0F\u00e4llen angeboten werden. WICHTIG! Japanische Bettlaken haben eine Standartgr\u00f6\u00dfe von 200cm L\u00e4nge und 110cm Breite! Wer das Bettlaken als solches nutzen m\u00f6chte muss sich vorher vergewissern dass die Matratze nicht gr\u00f6\u00dfer ist! <\/p>\n","protected":false},"featured_media":59895,"template":"","meta":[],"product_brand":[],"product_cat":[618,575],"product_tag":[],"class_list":{"0":"post-44286","1":"product","2":"type-product","3":"status-publish","4":"has-post-thumbnail","6":"product_cat-bettlaken","7":"product_cat-08-japanese-living","8":"product_shipping_class-standard","10":"first","11":"instock","12":"taxable","13":"shipping-taxable","14":"purchasable","15":"product-type-simple"},"_links":{"self":[{"href":"https:\/\/mangabox.net\/en\/wp-json\/wp\/v2\/product\/44286","targetHints":{"allow":["GET"]}}],"collection":[{"href":"https:\/\/mangabox.net\/en\/wp-json\/wp\/v2\/product"}],"about":[{"href":"https:\/\/mangabox.net\/en\/wp-json\/wp\/v2\/types\/product"}],"wp:featuredmedia":[{"embeddable":true,"href":"https:\/\/mangabox.net\/en\/wp-json\/wp\/v2\/media\/59895"}],"wp:attachment":[{"href":"https:\/\/mangabox.net\/en\/wp-json\/wp\/v2\/media?parent=44286"}],"wp:term":[{"taxonomy":"product_brand","embeddable":true,"href":"https:\/\/mangabox.net\/en\/wp-json\/wp\/v2\/product_brand?post=44286"},{"taxonomy":"product_cat","embeddable":true,"href":"https:\/\/mangabox.net\/en\/wp-json\/wp\/v2\/product_cat?post=44286"},{"taxonomy":"product_tag","embeddable":true,"href":"https:\/\/mangabox.net\/en\/wp-json\/wp\/v2\/product_tag?post=44286"}],"curies":[{"name":"wp","href":"https:\/\/api.w.org\/{rel}","templated":true}]}}