{"id":44315,"date":"2020-07-05T17:02:21","date_gmt":"2020-07-05T15:02:21","guid":{"rendered":"https:\/\/mangabox.net\/produkt\/lucky-dog-1-fan-book-nobody-knows-but-me\/"},"modified":"2021-01-01T20:40:13","modified_gmt":"2021-01-01T19:40:13","slug":"lucky-dog-1-fan-book-nobody-knows-but-me","status":"publish","type":"product","link":"https:\/\/mangabox.net\/en\/produkt\/lucky-dog-1-fan-book-nobody-knows-but-me\/","title":{"rendered":"Lucky Dog 1 fan book &#8220;Nobody Knows (but me)&#8221;"},"content":{"rendered":"<div>\n<p><span style=\"font-size: x-large;\"><strong>Lucky Dog 1 fan book<\/strong><\/span><\/p>\n<p><span style=\"font-size: x-large;\"><strong>&#8220;Nobody Knows (but me)&#8221;<\/strong><\/span><\/p>\n<p>&#160;<\/p>\n<p style=\"margin: 0cm 0cm 0.0001pt 36pt; text-indent: -18pt;\" class=\"MsoNormal\"><!--{12801650208533}--><!--{12801650208534}--><!--{12801650208535}--> <!--{12801650208536}--> <!--{12801650208537}--> <!--{12801650208538}--><span lang=\"EN-US\" style=\"font-family: Arial;\">&#8211;<\/span><span lang=\"EN-US\" style=\"font-family: Arial;\">&#160;&#160;&#160; Seiten: <\/span><span lang=\"EN-US\" style=\"font-family: Arial;\">20<\/span><\/p>\n<p style=\"margin: 0cm 0cm 0.0001pt 36pt; text-indent: -18pt;\" class=\"MsoNormal\"><span lang=\"EN-US\" style=\"font-family: Arial;\">-&#160;&#160;&#160; Genre: Sh&#x14D;n<\/span><span lang=\"EN-US\" style=\"font-family: Arial;\">en Ai<br \/><\/span><\/p>\n<p style=\"margin: 0cm 0cm 0.0001pt 36pt; text-indent: -18pt;\" class=\"MsoNormal\"><span lang=\"EN-US\" style=\"font-family: Arial;\">-&#160;&#160;&#160; Zirkel\/Zeichner: Devi-Lock<br \/><\/span><\/p>\n<p style=\"margin: 0cm 0cm 0.0001pt 36pt; text-indent: -18pt;\" class=\"MsoNormal\">-&#160;&#160;&#160; Hauptcharaktere: diverse<\/p>\n<p style=\"margin: 0cm 0cm 0.0001pt 36pt; text-indent: -18pt;\" class=\"MsoNormal\">&#160;<\/p>\n<p style=\"margin-top: 0cm; margin-right: 0cm; margin-bottom: 0.0001pt; text-indent: -18pt;\" class=\"MsoNormal\">&#160;<\/p>\n<\/div>\n<p><u>Erl\u00e4uterung unserer Kategorien:<\/u><\/p>\n<p>Der \u00dcbersicht halber haben wir Doujinshi grob in drei Kategorien unterteilt. Sobald es sexuelle Handlungen oder \u00fcbertriebene Gewalt beinhaltet, ist es &#8220;<a href=\"http:\/\/www.mangabox.net\/ab_18_informationen\">ab 18<\/a>&#8220;.<\/p>\n<p><strong>Sh&#x14D;nen Ai:<\/strong> &#8220;Handlungen&#8221; zwischen m\u00e4nnlichen Charakteren (meist Liebesgeschichten oder auch mehr als das)<\/p>\n<p><strong>Hentai<\/strong><strong>:<\/strong> &#8220;Sexuelle Handlungen&#8221; zwischen weiblichen Charakteren oder zwei verschiedener Geschlechter.<\/p>\n<p><strong>for all: <\/strong>F\u00fcr jeden geeignet, z. B. Gags, Lovestories &amp; Geschichten,  ohne Neigungen oder sexuelle Handlungen.<\/p>\n","protected":false},"excerpt":{"rendered":"<p>F\u00fcr alle, die mit dem Begriff Doujinshi nichts anzufangen wissen, folgt hier die Definition von Wikipedia, welche es recht passend beschreibt: &#8220;Der Begriff D&#x14D;jinshi ist eine Abk\u00fcrzung des Begriffs d&#x14D;jin zasshi (Zeitschrift von und f\u00fcr Gleichgesinnte) und bezeichnet von nichtprofessionellen Zeichnern im Selbstverlag herausgegebene Mangas \u00e4hnlich wie Fanzines. &#8220;Dem m\u00f6chten wir hinzuf\u00fcgen, dass auch vereinzelt professionelle Mangaka, wie z. B. Satoshi Urushihara unter einem Pseudonym ihrer Kreativit\u00e4t ungezwungen ihren Lauf lassen. Leider werden nur wenige, dieser &#8220;Ausfl\u00fcge&#8221; bekannt, doch wenn dies einmal der Fall ist, steigt der Wert, bzw. Preis des betreffenden\u00a0Doujinshi erheblich. <\/p>\n","protected":false},"featured_media":61183,"template":"","meta":[],"product_brand":[],"product_cat":[649,576,671],"product_tag":[],"class_list":{"0":"post-44315","1":"product","2":"type-product","3":"status-publish","4":"has-post-thumbnail","6":"product_cat-doujinshi","7":"product_cat-06-printmedien","8":"product_cat-shonen-ai","9":"product_shipping_class-standard","11":"first","12":"instock","13":"taxable","14":"shipping-taxable","15":"purchasable","16":"product-type-simple"},"_links":{"self":[{"href":"https:\/\/mangabox.net\/en\/wp-json\/wp\/v2\/product\/44315","targetHints":{"allow":["GET"]}}],"collection":[{"href":"https:\/\/mangabox.net\/en\/wp-json\/wp\/v2\/product"}],"about":[{"href":"https:\/\/mangabox.net\/en\/wp-json\/wp\/v2\/types\/product"}],"wp:featuredmedia":[{"embeddable":true,"href":"https:\/\/mangabox.net\/en\/wp-json\/wp\/v2\/media\/61183"}],"wp:attachment":[{"href":"https:\/\/mangabox.net\/en\/wp-json\/wp\/v2\/media?parent=44315"}],"wp:term":[{"taxonomy":"product_brand","embeddable":true,"href":"https:\/\/mangabox.net\/en\/wp-json\/wp\/v2\/product_brand?post=44315"},{"taxonomy":"product_cat","embeddable":true,"href":"https:\/\/mangabox.net\/en\/wp-json\/wp\/v2\/product_cat?post=44315"},{"taxonomy":"product_tag","embeddable":true,"href":"https:\/\/mangabox.net\/en\/wp-json\/wp\/v2\/product_tag?post=44315"}],"curies":[{"name":"wp","href":"https:\/\/api.w.org\/{rel}","templated":true}]}}