{"id":44318,"date":"2020-07-05T17:02:22","date_gmt":"2020-07-05T15:02:22","guid":{"rendered":"https:\/\/mangabox.net\/produkt\/one-piece-x-pansonworks-sanji\/"},"modified":"2021-01-01T20:40:03","modified_gmt":"2021-01-01T19:40:03","slug":"one-piece-x-pansonworks-sanji","status":"publish","type":"product","link":"https:\/\/mangabox.net\/en\/produkt\/one-piece-x-pansonworks-sanji\/","title":{"rendered":"One Piece x PansonWorks: Sanji"},"content":{"rendered":"<div>\n<p><span style=\"font-size: x-large;\"><span style=\"font-weight: bold;\">One Piece x PansonWorks: Sanji<\/span><\/span><span style=\"font-size: x-large;\"><span style=\"font-weight: bold;\"><br \/><\/span><\/span><\/p>\n<div>&#160;<\/div>\n<p style=\"margin: 0cm 0cm 0.0001pt 36pt; text-indent: -18pt;\" class=\"MsoNormal\"><!--{12600447925846}--><!--{12600447925847}--><!--{12600447925848}--> <!--{12600447925849}--> <!--{126004479258410}--> <!--{126004479258411}--><span lang=\"EN-US\" style=\"font-family: Arial;\">&#8211;<\/span><span lang=\"EN-US\" style=\"font-family: Arial;\">&#160;&#160;&#160; <\/span><span lang=\"EN-US\" style=\"font-family: Arial;\">H\u00f6he: ca. 12 cm<\/span><span lang=\"EN-US\" style=\"font-family: Arial;\"><br \/><\/span><\/p>\n<p style=\"margin: 0cm 0cm 0.0001pt 36pt; text-indent: -18pt;\" class=\"MsoNormal\"><span lang=\"EN-US\" style=\"font-family: Arial;\">-&#160;&#160;&#160; sauber verarbeitet<\/span><span lang=\"EN-US\" style=\"font-family: Arial;\"><br \/><\/span><\/p>\n<p style=\"margin: 0cm 0cm 0.0001pt 36pt; text-indent: -18pt;\" class=\"MsoNormal\">-&#160;&#160;&#160; abstrakter und ungew\u00f6hnlicher Stil von <span class=\"st\">Sasaki Kojiro<\/span><\/p>\n<p style=\"margin: 0cm 0cm 0.0001pt 36pt; text-indent: -18pt;\" class=\"MsoNormal\">&#160;<\/p>\n<\/div>\n<p>Wie immer bei uns handelt es sich auch hier nat\u00fcrlich um Originalware  und keine minderwertige Kopie, wie sie leider vermehrt angeboten werden!<\/p>\n","protected":false},"excerpt":{"rendered":"<p>Seid ihr der x-ten Figur im immer \u00e4hnliches Design \u00fcberdr\u00fcssig? Dann haben wir hier von PansonWorks vielleicht die Alternative f\u00fcr euch. Sasaki Kojiro ist f\u00fcr das Design verantwortlich und sein Stil ist serien\u00fcbergreifend unverkennbar. <\/p>\n","protected":false},"featured_media":63817,"template":"","meta":[],"product_brand":[],"product_cat":[570,724,607],"product_tag":[],"class_list":{"0":"post-44318","1":"product","2":"type-product","3":"status-publish","4":"has-post-thumbnail","6":"product_cat-01-figuren","7":"product_cat-one-piece-pvc-figuren","8":"product_cat-pvc-figuren","9":"product_shipping_class-standard","11":"first","12":"outofstock","13":"taxable","14":"shipping-taxable","15":"purchasable","16":"product-type-simple"},"_links":{"self":[{"href":"https:\/\/mangabox.net\/en\/wp-json\/wp\/v2\/product\/44318","targetHints":{"allow":["GET"]}}],"collection":[{"href":"https:\/\/mangabox.net\/en\/wp-json\/wp\/v2\/product"}],"about":[{"href":"https:\/\/mangabox.net\/en\/wp-json\/wp\/v2\/types\/product"}],"wp:featuredmedia":[{"embeddable":true,"href":"https:\/\/mangabox.net\/en\/wp-json\/wp\/v2\/media\/63817"}],"wp:attachment":[{"href":"https:\/\/mangabox.net\/en\/wp-json\/wp\/v2\/media?parent=44318"}],"wp:term":[{"taxonomy":"product_brand","embeddable":true,"href":"https:\/\/mangabox.net\/en\/wp-json\/wp\/v2\/product_brand?post=44318"},{"taxonomy":"product_cat","embeddable":true,"href":"https:\/\/mangabox.net\/en\/wp-json\/wp\/v2\/product_cat?post=44318"},{"taxonomy":"product_tag","embeddable":true,"href":"https:\/\/mangabox.net\/en\/wp-json\/wp\/v2\/product_tag?post=44318"}],"curies":[{"name":"wp","href":"https:\/\/api.w.org\/{rel}","templated":true}]}}