{"id":44341,"date":"2020-07-05T17:02:24","date_gmt":"2020-07-05T15:02:24","guid":{"rendered":"https:\/\/mangabox.net\/produkt\/howls-moving-castle-turnip-head-calcifer\/"},"modified":"2021-01-01T20:40:17","modified_gmt":"2021-01-01T19:40:17","slug":"howls-moving-castle-turnip-head-calcifer","status":"publish","type":"product","link":"https:\/\/mangabox.net\/en\/produkt\/howls-moving-castle-turnip-head-calcifer\/","title":{"rendered":"Howl&#8217;s Moving Castle: Turnip-Head &amp; Calcifer"},"content":{"rendered":"<div>\n<p><strong><span style=\"font-size: xx-large;\"><!--[if gte mso 9]><xml> <o:DocumentProperties> <o:Template>Normal.dotm<\/o:Template> <o:Revision>0<\/o:Revision> <o:TotalTime>0<\/o:TotalTime> <o:Pages>1<\/o:Pages> <o:Words>42<\/o:Words> <o:Characters>245<\/o:Characters> <o:Company>Manga Caf&eacute;<\/o:Company> <o:Lines>2<\/o:Lines> <o:Paragraphs>1<\/o:Paragraphs> <o:CharactersWithSpaces>300<\/o:CharactersWithSpaces> <o:Version>12.0<\/o:Version> <\/o:DocumentProperties> <o:OfficeDocumentSettings> <o:AllowPNG \/> <\/o:OfficeDocumentSettings> <\/xml><![endif]--><!--[if gte mso 9]><xml> <w:WordDocument> <w:Zoom>0<\/w:Zoom> <w:TrackMoves>false<\/w:TrackMoves> <w:TrackFormatting \/> <w:PunctuationKerning \/> <w:DrawingGridHorizontalSpacing>18 pt<\/w:DrawingGridHorizontalSpacing> <w:DrawingGridVerticalSpacing>18 pt<\/w:DrawingGridVerticalSpacing> <w:DisplayHorizontalDrawingGridEvery>0<\/w:DisplayHorizontalDrawingGridEvery> <w:DisplayVerticalDrawingGridEvery>0<\/w:DisplayVerticalDrawingGridEvery> <w:ValidateAgainstSchemas \/> <w:SaveIfXMLInvalid>false<\/w:SaveIfXMLInvalid> <w:IgnoreMixedContent>false<\/w:IgnoreMixedContent> <w:AlwaysShowPlaceholderText>false<\/w:AlwaysShowPlaceholderText> <w:Compatibility> <w:BreakWrappedTables \/> <w:DontGrowAutofit \/> <w:DontAutofitConstrainedTables \/> <w:DontVertAlignInTxbx \/> <\/w:Compatibility> <\/w:WordDocument> <\/xml><![endif]--><!--[if gte mso 9]><xml> <w:LatentStyles DefLockedState=\"false\" LatentStyleCount=\"276\"> <\/w:LatentStyles> <\/xml><![endif]-->Howl&#8217;s Moving Castle:<\/span><\/strong><\/p>\n<p><strong><span style=\"font-size: xx-large;\">Turnip-Head &amp; Calcifer<\/span><\/strong><strong><span style=\"font-size: xx-large;\"><br \/><\/span><\/strong><\/p>\n<p>&#160;  <\/p>\n<p style=\"margin: 0cm 0cm 0.0001pt 36pt; text-indent: -18pt;\" class=\"MsoNormal\"><!--{12600447925846}--><!--{12600447925847}--><!--{12600447925848}--> <!--{12600447925849}--> <!--{126004479258410}--> <!--{126004479258411}--><span lang=\"EN-US\" style=\"font-family: Arial;\">&#8211;<\/span><span lang=\"EN-US\" style=\"font-family: Arial;\">&#160;&#160; sehr hochwertiger Schl\u00fcsselanh\u00e4nger \/ keychain<br \/><\/span><\/p>\n<p style=\"margin: 0cm 0cm 0.0001pt 36pt; text-indent: -18pt;\" class=\"MsoNormal\"><span lang=\"EN-US\" style=\"font-family: Arial;\">-&#160;&#160; mit Base um die Figur hinstellen zu k\u00f6nnen<br \/><\/span><\/p>\n<p style=\"margin: 0cm 0cm 0.0001pt 36pt; text-indent: -18pt;\" class=\"MsoNormal\"><span lang=\"EN-US\" style=\"font-family: Arial;\">-&#160;&#160; <\/span>Gr\u00f6\u00dfe: ca. 7cm<\/p>\n<p style=\"margin: 0cm 0cm 0.0001pt 36pt; text-indent: -18pt;\" class=\"MsoNormal\">&#160;<\/p>\n<\/div>\n<p>Nat\u00fcrlich handelt es sich auch hier um ein Originalprodukt von Nibaraki unter der Lizenz von Ghibli\/Dominica und keine billige Raubkopie, wie sie so oft angeboten werden.<\/p>\n","protected":false},"excerpt":{"rendered":"<p>Ein sehr hochwertiger und h\u00fcbscher Schl\u00fcsselanh\u00e4nger zum Film &#8220;Howl\u00b4s Moving Castle&#8221; von Ghibli. Mit einem solchen kleines Geschenk liegt man eigentlich immer richtig, nicht nur bei Ghiblifans! Als Schl\u00fcsselanh\u00e4nger fast schon zu schade, wie w\u00e4re es denn am Autospiegel, dem\u00a0Rucksack oder im Regal (dank beiliegender Base kann die Figur stehen! ) neben anderen Figuren?<\/p>\n","protected":false},"featured_media":47144,"template":"","meta":[],"product_brand":[],"product_cat":[572,598],"product_tag":[],"class_list":{"0":"post-44341","1":"product","2":"type-product","3":"status-publish","4":"has-post-thumbnail","6":"product_cat-03-anhaenger","7":"product_cat-schluesselanhaenger","8":"product_shipping_class-standard","10":"first","11":"outofstock","12":"taxable","13":"shipping-taxable","14":"purchasable","15":"product-type-simple"},"_links":{"self":[{"href":"https:\/\/mangabox.net\/en\/wp-json\/wp\/v2\/product\/44341","targetHints":{"allow":["GET"]}}],"collection":[{"href":"https:\/\/mangabox.net\/en\/wp-json\/wp\/v2\/product"}],"about":[{"href":"https:\/\/mangabox.net\/en\/wp-json\/wp\/v2\/types\/product"}],"wp:featuredmedia":[{"embeddable":true,"href":"https:\/\/mangabox.net\/en\/wp-json\/wp\/v2\/media\/47144"}],"wp:attachment":[{"href":"https:\/\/mangabox.net\/en\/wp-json\/wp\/v2\/media?parent=44341"}],"wp:term":[{"taxonomy":"product_brand","embeddable":true,"href":"https:\/\/mangabox.net\/en\/wp-json\/wp\/v2\/product_brand?post=44341"},{"taxonomy":"product_cat","embeddable":true,"href":"https:\/\/mangabox.net\/en\/wp-json\/wp\/v2\/product_cat?post=44341"},{"taxonomy":"product_tag","embeddable":true,"href":"https:\/\/mangabox.net\/en\/wp-json\/wp\/v2\/product_tag?post=44341"}],"curies":[{"name":"wp","href":"https:\/\/api.w.org\/{rel}","templated":true}]}}