{"id":44352,"date":"2020-07-05T17:02:26","date_gmt":"2020-07-05T15:02:26","guid":{"rendered":"https:\/\/mangabox.net\/produkt\/neon-genesis-evangelion-a-r-a-18\/"},"modified":"2021-01-01T20:40:22","modified_gmt":"2021-01-01T19:40:22","slug":"neon-genesis-evangelion-a-r-a-18","status":"publish","type":"product","link":"https:\/\/mangabox.net\/en\/produkt\/neon-genesis-evangelion-a-r-a-18\/","title":{"rendered":"Neon Genesis Evangelion &#8220;A-R-A&#8221; (18+)"},"content":{"rendered":"<div><span style=\"font-size: x-large;\"><strong>Neon Genesis Evangelion &#8220;A-R-A&#8221;<\/strong><\/span><\/p>\n<p class=\"MsoNormal\" style=\"margin: 0cm 0cm 0.0001pt 36pt; text-indent: -18pt;\">&nbsp;<\/p>\n<p class=\"MsoNormal\" style=\"margin: 0cm 0cm 0.0001pt 36pt; text-indent: -18pt;\"><!--{12600447925846}--><!--{12600447925847}--><!--{12600447925848}--> <!--{12600447925849}--> <!--{126004479258410}--> <!--{126004479258411}--><span style=\"font-family: Arial;\" lang=\"EN-US\">&#8211;<\/span><span style=\"font-family: Arial;\" lang=\"EN-US\">&nbsp;&nbsp;&nbsp; Seiten: 22<br \/><\/span><\/p>\n<p class=\"MsoNormal\" style=\"margin: 0cm 0cm 0.0001pt 36pt; text-indent: -18pt;\"><span style=\"font-family: Arial;\" lang=\"EN-US\">&#8211;&nbsp;&nbsp;&nbsp; Genre: Hentai \/ Illustrationen<br \/><\/span><\/p>\n<p class=\"MsoNormal\" style=\"margin: 0cm 0cm 0.0001pt 36pt; text-indent: -18pt;\"><span style=\"font-family: Arial;\" lang=\"EN-US\">&#8211;&nbsp;&nbsp;&nbsp; Zirkel\/Zeichner: <\/span><span class=\"tab LPEXACT1\">n\/a<br \/><\/span><\/p>\n<p class=\"MsoNormal\" style=\"margin: 0cm 0cm 0.0001pt 36pt; text-indent: -18pt;\"><span style=\"font-family: Arial;\" lang=\"EN-US\">&#8211;&nbsp;&nbsp;&nbsp; Hauptcharaktere: Rei<br \/><\/span><\/p>\n<p class=\"MsoNormal\" style=\"margin: 0cm 0cm 0.0001pt 36pt; text-indent: -18pt;\">&nbsp;<\/p>\n<p class=\"MsoNormal\" style=\"margin-top: 0cm; margin-right: 0cm; margin-bottom: 0.0001pt; text-indent: -18pt;\">&nbsp;<\/p>\n<\/div>\n<p><strong>Wichtig! Dieser Artikel ist ab 18! Mehr dazu unter <\/strong><a href=\"http:\/\/mangabox.net\/ab_18_informationen\"><strong>Bestellungen ab 18<\/strong><\/a><strong>.<\/strong><\/p>\n<p><span style=\"text-decoration: underline;\">Erl&auml;uterung unserer Kategorien:<\/span><\/p>\n<p>Der &Uuml;bersicht halber haben wir Doujinshi grob in drei Kategorien unterteilt. Sobald es sexuelle Handlungen oder &uuml;bertriebene Gewalt beinhaltet ist es &#8220;<a href=\"http:\/\/mangabox.net\/ab_18_informationen\">ab 18<\/a>&#8220;.<\/p>\n<p><strong>Sh&#x14D;nen Ai:<\/strong> &#8220;Handlungen&#8221; zwischen m&auml;nnlichen Charakteren (meist Liebesgeschichten oder auch mehr als das)<\/p>\n<p><strong>Hentai<\/strong><strong>:<\/strong> &#8220;Sexuelle Handlungen&#8221; zwischen weiblichen Charakteren oder zwei verschiedener Geschlechter.<\/p>\n<p><strong>for all: <\/strong>F&uuml;r jeden geeignet, z. B. Gags, Lovestories &amp; Geschichten, ohne Neigungen oder sexuelle Handlungen.<\/p>\n","protected":false},"excerpt":{"rendered":"<p>F\u00fcr alle, die mit dem Begriff Doujinshi nichts anzufangen wissen, folgt hier die Definition von Wikipedia, welche es recht passend beschreibt: &#8220;Der Begriff D&#x14D;jinshi ist eine Abk\u00fcrzung des Begriffs d&#x14D;jin zasshi (Zeitschrift von und f\u00fcr Gleichgesinnte) und bezeichnet von nichtprofessionellen Zeichnern im Selbstverlag herausgegebene Mangas \u00e4hnlich wie Fanzines. &#8220;Dem m\u00f6chten wir hinzuf\u00fcgen, dass auch vereinzelt professionelle Mangaka, wie z. B. Satoshi Urushihara unter einem Pseudonym ihrer Kreativit\u00e4t ungezwungen ihren Lauf lassen. Leider werden nur wenige, dieser &#8220;Ausfl\u00fcge&#8221; bekannt, doch wenn dies einmal der Fall ist, steigt der Wert, bzw. Preis des betreffenden\u00a0Doujinshi erheblich. <\/p>\n","protected":false},"featured_media":61227,"template":"","meta":[],"product_brand":[],"product_cat":[649,670,576],"product_tag":[],"class_list":{"0":"post-44352","1":"product","2":"type-product","3":"status-publish","4":"has-post-thumbnail","6":"product_cat-doujinshi","7":"product_cat-hentai","8":"product_cat-06-printmedien","9":"product_shipping_class-standard","11":"first","12":"outofstock","13":"taxable","14":"shipping-taxable","15":"purchasable","16":"product-type-simple"},"_links":{"self":[{"href":"https:\/\/mangabox.net\/en\/wp-json\/wp\/v2\/product\/44352","targetHints":{"allow":["GET"]}}],"collection":[{"href":"https:\/\/mangabox.net\/en\/wp-json\/wp\/v2\/product"}],"about":[{"href":"https:\/\/mangabox.net\/en\/wp-json\/wp\/v2\/types\/product"}],"wp:featuredmedia":[{"embeddable":true,"href":"https:\/\/mangabox.net\/en\/wp-json\/wp\/v2\/media\/61227"}],"wp:attachment":[{"href":"https:\/\/mangabox.net\/en\/wp-json\/wp\/v2\/media?parent=44352"}],"wp:term":[{"taxonomy":"product_brand","embeddable":true,"href":"https:\/\/mangabox.net\/en\/wp-json\/wp\/v2\/product_brand?post=44352"},{"taxonomy":"product_cat","embeddable":true,"href":"https:\/\/mangabox.net\/en\/wp-json\/wp\/v2\/product_cat?post=44352"},{"taxonomy":"product_tag","embeddable":true,"href":"https:\/\/mangabox.net\/en\/wp-json\/wp\/v2\/product_tag?post=44352"}],"curies":[{"name":"wp","href":"https:\/\/api.w.org\/{rel}","templated":true}]}}