{"id":44402,"date":"2020-07-05T17:02:29","date_gmt":"2020-07-05T15:02:29","guid":{"rendered":"https:\/\/mangabox.net\/produkt\/super-mario-mario-m-together\/"},"modified":"2021-01-01T20:40:46","modified_gmt":"2021-01-01T19:40:46","slug":"super-mario-mario-m-together","status":"publish","type":"product","link":"https:\/\/mangabox.net\/en\/produkt\/super-mario-mario-m-together\/","title":{"rendered":"Super Mario: Mario (M) together+"},"content":{"rendered":"<div><strong><span style=\"font-family: Arial;\"><span style=\"font-size: x-large;\">Super Mario<br \/><\/span><\/span><\/strong><\/div>\n<div><strong><\/strong><strong><span style=\"font-family: Arial;\"><span style=\"font-size: x-large;\">Mario (M)<\/span><\/span><\/strong><strong><br \/><\/strong><\/div>\n<p style=\"margin-left: 40px;\">&nbsp;<\/p>\n<p style=\"margin-left: 40px;\">&#8211; H&ouml;he ca. 32 cm<br \/>&#8211; fantastische Qualit&auml;t und sehr detailreich.<\/p>\n<p>Dies ist die Original Pl&uuml;schfigur von together+ und damit die europ&auml;ische Version der bisherigen San-Ei Pl&uuml;schfiguren.<\/p>\n","protected":false},"excerpt":{"rendered":"<p>Perfekte Gr\u00f6\u00dfe f\u00fcr Auto, Bett und Sofa<\/p>\n","protected":false},"featured_media":70581,"template":"","meta":[],"product_brand":[],"product_cat":[599,571],"product_tag":[],"class_list":{"0":"post-44402","1":"product","2":"type-product","3":"status-publish","4":"has-post-thumbnail","6":"product_cat-nintendo","7":"product_cat-07-pluesch","8":"product_shipping_class-standard","10":"first","11":"outofstock","12":"taxable","13":"shipping-taxable","14":"purchasable","15":"product-type-simple"},"_links":{"self":[{"href":"https:\/\/mangabox.net\/en\/wp-json\/wp\/v2\/product\/44402","targetHints":{"allow":["GET"]}}],"collection":[{"href":"https:\/\/mangabox.net\/en\/wp-json\/wp\/v2\/product"}],"about":[{"href":"https:\/\/mangabox.net\/en\/wp-json\/wp\/v2\/types\/product"}],"wp:featuredmedia":[{"embeddable":true,"href":"https:\/\/mangabox.net\/en\/wp-json\/wp\/v2\/media\/70581"}],"wp:attachment":[{"href":"https:\/\/mangabox.net\/en\/wp-json\/wp\/v2\/media?parent=44402"}],"wp:term":[{"taxonomy":"product_brand","embeddable":true,"href":"https:\/\/mangabox.net\/en\/wp-json\/wp\/v2\/product_brand?post=44402"},{"taxonomy":"product_cat","embeddable":true,"href":"https:\/\/mangabox.net\/en\/wp-json\/wp\/v2\/product_cat?post=44402"},{"taxonomy":"product_tag","embeddable":true,"href":"https:\/\/mangabox.net\/en\/wp-json\/wp\/v2\/product_tag?post=44402"}],"curies":[{"name":"wp","href":"https:\/\/api.w.org\/{rel}","templated":true}]}}