{"id":44403,"date":"2020-07-05T17:02:30","date_gmt":"2020-07-05T15:02:30","guid":{"rendered":"https:\/\/mangabox.net\/produkt\/super-mario-tanooki-mario-waschb%e2%80%b0r-mario-m-pl%c2%b8schfigur\/"},"modified":"2025-07-09T18:21:10","modified_gmt":"2025-07-09T16:21:10","slug":"super-mario-tanooki-mario-waschbaer-mario-m-plueschfigur","status":"publish","type":"product","link":"https:\/\/mangabox.net\/en\/produkt\/super-mario-tanooki-mario-waschbaer-mario-m-plueschfigur\/","title":{"rendered":"Super Mario: Tanooki Mario \/ Waschb\u00e4r Mario (M) Pl\u00fcschfigur"},"content":{"rendered":"<div><span style=\"font-family: Arial;\"><span style=\"font-size: x-large;\"><strong>Super Mario:<\/strong><\/span><\/span><\/div>\n<div><span style=\"font-family: Arial;\"><span style=\"font-size: x-large;\"><strong>Tanooki Mario \/ Waschb&auml;r Mario (M)<\/strong><\/span><\/span><strong><br \/><\/strong><\/div>\n<p style=\"margin-left: 40px;\">&nbsp;<\/p>\n<p style=\"margin-left: 40px;\"><span style=\"font-family: Arial;\">&#8211; Gr&ouml;&szlig;e: (M) ca. 33cm<\/span><span style=\"font-family: Arial;\"><br \/>&#8211; fantastische Qualit&auml;t und ausgesprochen flauschig<\/span><\/p>\n<p><span style=\"font-family: Arial;\"><br \/>Original Pl&uuml;schfigur und dem entsprechend erstklassig verarbeitet!<\/span><\/p>\n","protected":false},"excerpt":{"rendered":"<p>Perfekt f\u00fcr Wohnzimmer, Bett, Sofa und das AutoNur fliegen kann dieser Pl\u00fcsch-Mario trotz Waschb\u00e4ranzug nicht! <\/p>\n","protected":false},"featured_media":70585,"template":"","meta":[],"product_brand":[],"product_cat":[599,571],"product_tag":[],"class_list":{"0":"post-44403","1":"product","2":"type-product","3":"status-publish","4":"has-post-thumbnail","6":"product_cat-nintendo","7":"product_cat-07-pluesch","8":"product_shipping_class-standard","10":"first","11":"outofstock","12":"taxable","13":"shipping-taxable","14":"purchasable","15":"product-type-simple"},"_links":{"self":[{"href":"https:\/\/mangabox.net\/en\/wp-json\/wp\/v2\/product\/44403","targetHints":{"allow":["GET"]}}],"collection":[{"href":"https:\/\/mangabox.net\/en\/wp-json\/wp\/v2\/product"}],"about":[{"href":"https:\/\/mangabox.net\/en\/wp-json\/wp\/v2\/types\/product"}],"wp:featuredmedia":[{"embeddable":true,"href":"https:\/\/mangabox.net\/en\/wp-json\/wp\/v2\/media\/70585"}],"wp:attachment":[{"href":"https:\/\/mangabox.net\/en\/wp-json\/wp\/v2\/media?parent=44403"}],"wp:term":[{"taxonomy":"product_brand","embeddable":true,"href":"https:\/\/mangabox.net\/en\/wp-json\/wp\/v2\/product_brand?post=44403"},{"taxonomy":"product_cat","embeddable":true,"href":"https:\/\/mangabox.net\/en\/wp-json\/wp\/v2\/product_cat?post=44403"},{"taxonomy":"product_tag","embeddable":true,"href":"https:\/\/mangabox.net\/en\/wp-json\/wp\/v2\/product_tag?post=44403"}],"curies":[{"name":"wp","href":"https:\/\/api.w.org\/{rel}","templated":true}]}}