{"id":44436,"date":"2020-07-05T17:02:34","date_gmt":"2020-07-05T15:02:34","guid":{"rendered":"https:\/\/mangabox.net\/produkt\/hello-kitty-fashion-danglers\/"},"modified":"2023-07-10T13:48:19","modified_gmt":"2023-07-10T11:48:19","slug":"hello-kitty-fashion-danglers","status":"publish","type":"product","link":"https:\/\/mangabox.net\/en\/produkt\/hello-kitty-fashion-danglers\/","title":{"rendered":"Hello Kitty FASHION DANGLERS"},"content":{"rendered":"<p><span style=\"font-size: x-large;\"><strong>Hello Kitty FASHION DANGLERS<\/strong><\/span><\/p>\n<p><span style=\"font-size: x-large;\"><strong>1 von 8 verschiedenen Anh&auml;ngern<br \/><\/strong><\/span><\/p>\n<p style=\"margin-left: 40px;\">&nbsp;<\/p>\n<p style=\"margin-left: 40px;\"><span style=\"font-family: Arial;\">&#8211; Gr&ouml;&szlig;e: ca. 3cm<\/span><span style=\"font-family: Arial;\"><br style=\"font-family: Arial;\" \/>&#8211; mit robuster Schlaufe zum befestigen<span style=\"font-family: Arial;\"><span style=\"font-family: Arial;\"><span style=\"font-family: Arial;\"><span style=\"font-family: Arial;\"><span style=\"font-family: Arial;\"><span style=\"font-family: Arial;\"><span style=\"font-family: Arial;\"> an Mobiltelefon, Schl&uuml;sselbund, Rucksack, etc.<br style=\"font-family: Arial;\" \/>&#8211;<span style=\"font-family: Arial;\"> sauber verarbeitet<\/span><\/span><\/span><\/span><\/span><\/span><\/span><\/span><\/span><\/p>\n<p><span style=\"font-family: Arial;\"><br \/>Wie immer bei uns handelt es sich auch hier um ein Originalprodukt und keine billige Kopie, wie sie leider vermehrt angeboten werden. Gerade bei Anh&auml;ngern sieht man den Qualit&auml;tsunterschied sehr deutlich!<\/span><\/p>\n<p><span style=\"font-family: Arial;\">Da sich die Anh&auml;nger in einer blickdichten Verpackung befinden k&ouml;nen wir <strong>nicht beeinflussen<\/strong> welcher Anh&auml;nger sich in der Packung befindet!<br \/><\/span><\/p>\n","protected":false},"excerpt":{"rendered":"<p>Einer von 8 s\u00fc\u00dfen Anh\u00e4ngern in einer \u00dcberraschungspackung<\/p>\n","protected":false},"featured_media":70875,"template":"","meta":[],"product_brand":[],"product_cat":[572,597],"product_tag":[],"class_list":{"0":"post-44436","1":"product","2":"type-product","3":"status-publish","4":"has-post-thumbnail","6":"product_cat-03-anhaenger","7":"product_cat-handyanhaenger","8":"product_shipping_class-standard","10":"first","11":"instock","12":"taxable","13":"shipping-taxable","14":"purchasable","15":"product-type-simple"},"_links":{"self":[{"href":"https:\/\/mangabox.net\/en\/wp-json\/wp\/v2\/product\/44436","targetHints":{"allow":["GET"]}}],"collection":[{"href":"https:\/\/mangabox.net\/en\/wp-json\/wp\/v2\/product"}],"about":[{"href":"https:\/\/mangabox.net\/en\/wp-json\/wp\/v2\/types\/product"}],"wp:featuredmedia":[{"embeddable":true,"href":"https:\/\/mangabox.net\/en\/wp-json\/wp\/v2\/media\/70875"}],"wp:attachment":[{"href":"https:\/\/mangabox.net\/en\/wp-json\/wp\/v2\/media?parent=44436"}],"wp:term":[{"taxonomy":"product_brand","embeddable":true,"href":"https:\/\/mangabox.net\/en\/wp-json\/wp\/v2\/product_brand?post=44436"},{"taxonomy":"product_cat","embeddable":true,"href":"https:\/\/mangabox.net\/en\/wp-json\/wp\/v2\/product_cat?post=44436"},{"taxonomy":"product_tag","embeddable":true,"href":"https:\/\/mangabox.net\/en\/wp-json\/wp\/v2\/product_tag?post=44436"}],"curies":[{"name":"wp","href":"https:\/\/api.w.org\/{rel}","templated":true}]}}