{"id":44526,"date":"2020-07-05T17:02:41","date_gmt":"2020-07-05T15:02:41","guid":{"rendered":"https:\/\/mangabox.net\/produkt\/arcana-famiglia-vol-1-blu-ray\/"},"modified":"2021-01-01T20:41:54","modified_gmt":"2021-01-01T19:41:54","slug":"arcana-famiglia-vol-1-blu-ray","status":"publish","type":"product","link":"https:\/\/mangabox.net\/en\/produkt\/arcana-famiglia-vol-1-blu-ray\/","title":{"rendered":"Arcana Famiglia Vol.1 Blu-ray"},"content":{"rendered":"<p><strong><span style=\"font-size: x-large;\"><!--[if gte mso 9]><xml> <o:DocumentProperties> <o:Template>Normal.dotm<\/o:Template> <o:Revision>0<\/o:Revision> <o:TotalTime>0<\/o:TotalTime> <o:Pages>1<\/o:Pages> <o:Words>42<\/o:Words> <o:Characters>245<\/o:Characters> <o:Company>Manga Caf&eacute;<\/o:Company> <o:Lines>2<\/o:Lines> <o:Paragraphs>1<\/o:Paragraphs> <o:CharactersWithSpaces>300<\/o:CharactersWithSpaces> <o:Version>12.0<\/o:Version> <\/o:DocumentProperties> <o:OfficeDocumentSettings> <o:AllowPNG \/> <\/o:OfficeDocumentSettings> <\/xml><![endif]--><!--[if gte mso 9]><xml> <w:WordDocument> <w:Zoom>0<\/w:Zoom> <w:TrackMoves>false<\/w:TrackMoves> <w:TrackFormatting \/> <w:PunctuationKerning \/> <w:DrawingGridHorizontalSpacing>18 pt<\/w:DrawingGridHorizontalSpacing> <w:DrawingGridVerticalSpacing>18 pt<\/w:DrawingGridVerticalSpacing> <w:DisplayHorizontalDrawingGridEvery>0<\/w:DisplayHorizontalDrawingGridEvery> <w:DisplayVerticalDrawingGridEvery>0<\/w:DisplayVerticalDrawingGridEvery> <w:ValidateAgainstSchemas \/> <w:SaveIfXMLInvalid>false<\/w:SaveIfXMLInvalid> <w:IgnoreMixedContent>false<\/w:IgnoreMixedContent> <w:AlwaysShowPlaceholderText>false<\/w:AlwaysShowPlaceholderText> <w:Compatibility> <w:BreakWrappedTables \/> <w:DontGrowAutofit \/> <w:DontAutofitConstrainedTables \/> <w:DontVertAlignInTxbx \/> <\/w:Compatibility> <\/w:WordDocument> <\/xml><![endif]--><!--[if gte mso 9]><xml> <w:LatentStyles DefLockedState=\"false\" LatentStyleCount=\"276\"> <\/w:LatentStyles> <\/xml><![endif]-->Arcana Famiglia<\/span><\/strong><strong><\/strong><\/p>\n<p><strong><span style=\"font-size: x-large;\">Vol. 1 Blu-ray Disc<\/span><br style=\"font-size: x-large;\" \/><\/strong><\/p>\n<div>&nbsp;<\/div>\n<p class=\"MsoNormal\" style=\"margin: 0cm 0cm 0.0001pt 36pt; text-indent: -18pt;\"><!--{12600447925846}--><!--{12600447925847}--><!--{12600447925848}--> <!--{12600447925849}--> <!--{126004479258410}--> <!--{126004479258411}--><span style=\"font-family: Arial;\" lang=\"EN-US\">&#8211;<\/span><span style=\"font-family: Arial;\" lang=\"EN-US\">&nbsp;&nbsp;&nbsp; <\/span><span style=\"font-family: Arial;\" lang=\"EN-US\">beinhaltet die Folgen 1-4<br \/><\/span><\/p>\n<p class=\"MsoNormal\" style=\"margin: 0cm 0cm 0.0001pt 36pt; text-indent: -18pt;\"><span style=\"font-family: Arial;\" lang=\"EN-US\">&#8211;&nbsp;&nbsp;&nbsp; inklusive Booklet &amp; Wendecover<br \/><\/span><\/p>\n<p class=\"MsoNormal\" style=\"margin: 0cm 0cm 0.0001pt 36pt; text-indent: -18pt;\"><span style=\"font-family: Arial;\" lang=\"EN-US\">&#8211;&nbsp;&nbsp;&nbsp; Sprache: Deutsch, Japanisch<br \/><\/span><\/p>\n<p class=\"MsoNormal\" style=\"margin: 0cm 0cm 0.0001pt 36pt; text-indent: -18pt;\"><span style=\"font-family: Arial;\" lang=\"EN-US\">&#8211;&nbsp;&nbsp;&nbsp; Untertitel: Deutsch<br \/><\/span><\/p>\n<p class=\"MsoNormal\" style=\"margin: 0cm 0cm 0.0001pt 36pt; text-indent: -18pt;\"><span style=\"font-family: Arial;\" lang=\"EN-US\">&#8211;&nbsp;&nbsp;&nbsp; Artikelnummer: AH0313<\/span><\/p>\n<p class=\"MsoNormal\" style=\"margin: 0cm 0cm 0.0001pt 36pt; text-indent: -18pt;\"><span style=\"font-family: Arial;\" lang=\"EN-US\">&#8211;&nbsp;&nbsp;&nbsp; Laufzeit: ca 120 Minuten<br \/><\/span><\/p>\n<p class=\"MsoNormal\" style=\"margin: 0cm 0cm 0.0001pt 36pt; text-indent: -18pt;\"><span style=\"font-family: Arial;\" lang=\"EN-US\">&#8211;&nbsp;&nbsp;&nbsp; Regionalcode: B<br \/><\/span><\/p>\n<p class=\"MsoNormal\" style=\"margin: 0cm 0cm 0.0001pt 36pt; text-indent: -18pt;\"><span style=\"font-family: Arial;\" lang=\"EN-US\">&#8211;&nbsp;&nbsp;&nbsp; <strong>FSK 12<\/strong><br \/><\/span><\/p>\n<p class=\"MsoNormal\" style=\"margin: 0cm 0cm 0.0001pt 36pt; text-indent: -18pt;\">&nbsp;<\/p>\n<p>Die Insel Regalo vor der K&uuml;ste Italiens steht unter dem Schutz der Arcana Famiglia &#8211; einer im Familienverband strukturierten Vereinigung, deren hochrangige Mitglieder einen Pakt mit einer Karte des Tarotspiels (Arcana genannt) eingegangen sind, durch die sie eine besondere F&auml;higkeit erhalten haben. <br \/>Ausgerechnet an seinem Geburtstag gibt Mondo, das Oberhaupt des Clans, seine Pl&auml;ne bekannt, sich in nicht allzu ferner Zukunft aufs Altenteil zur&uuml;ckzuziehen. Sein Nachfolger &#8211; und der zuk&uuml;nftige Gemahl seiner einzigen Tochter, Felicita &#8211; soll durch ein Turnier, das Arcana Duello, bestimmt werden, an dem jeder Besitzer einer Arcana-F&auml;higkeit teilnehmen darf. Die auserw&auml;hlte Braut die selbst dazu geh&ouml;rt &#8211; ist davon alles andere als begeistert und beschlie&szlig;t, den Wettstreit selbst zu gewinnen und um das Recht zu k&auml;mpfen, ihre Zukunft selbst zu bestimmen. Auch Felicitas beste Freunde sind fest entschlossen, das Turnier f&uuml;r sie zu gewinnen: Liberta, der keinerlei Erinnerungen an seine Vergangenheit hat und Nova, der am liebsten keinerlei Erinnerungen an seine Vergangenheit h&auml;tte. F&uuml;r alle drei wird der Weg zum Arcana Duello auch zum Weg zu ihrer eigenen Identit&auml;t&#8230;<\/p>\n","protected":false},"excerpt":{"rendered":"<p>Mystery, Romantik, Action und Humor: Ein M\u00e4dchen k\u00e4mpft um eine selbstbestimmte Zukunft &#8211; zwei junge M\u00e4nner konfrontieren ihre Vergangenheit<\/p>\n","protected":false},"featured_media":47332,"template":"","meta":[],"product_brand":[],"product_cat":[687,573,644],"product_tag":[],"class_list":{"0":"post-44526","1":"product","2":"type-product","3":"status-publish","4":"has-post-thumbnail","6":"product_cat-anime-serien-filme","7":"product_cat-05-cd-lp-dvd-blu-ray","8":"product_cat-dvds-blu-ray","9":"product_shipping_class-standard","11":"first","12":"instock","13":"taxable","14":"shipping-taxable","15":"purchasable","16":"product-type-simple"},"_links":{"self":[{"href":"https:\/\/mangabox.net\/en\/wp-json\/wp\/v2\/product\/44526","targetHints":{"allow":["GET"]}}],"collection":[{"href":"https:\/\/mangabox.net\/en\/wp-json\/wp\/v2\/product"}],"about":[{"href":"https:\/\/mangabox.net\/en\/wp-json\/wp\/v2\/types\/product"}],"wp:featuredmedia":[{"embeddable":true,"href":"https:\/\/mangabox.net\/en\/wp-json\/wp\/v2\/media\/47332"}],"wp:attachment":[{"href":"https:\/\/mangabox.net\/en\/wp-json\/wp\/v2\/media?parent=44526"}],"wp:term":[{"taxonomy":"product_brand","embeddable":true,"href":"https:\/\/mangabox.net\/en\/wp-json\/wp\/v2\/product_brand?post=44526"},{"taxonomy":"product_cat","embeddable":true,"href":"https:\/\/mangabox.net\/en\/wp-json\/wp\/v2\/product_cat?post=44526"},{"taxonomy":"product_tag","embeddable":true,"href":"https:\/\/mangabox.net\/en\/wp-json\/wp\/v2\/product_tag?post=44526"}],"curies":[{"name":"wp","href":"https:\/\/api.w.org\/{rel}","templated":true}]}}