{"id":44646,"date":"2020-07-05T17:02:56","date_gmt":"2020-07-05T15:02:56","guid":{"rendered":"https:\/\/mangabox.net\/produkt\/bettlaken-celestial-globe-of-your-heart-haruka-akane-aira-shiratori\/"},"modified":"2021-01-01T20:42:51","modified_gmt":"2021-01-01T19:42:51","slug":"bettlaken-celestial-globe-of-your-heart-haruka-akane-aira-shiratori","status":"publish","type":"product","link":"https:\/\/mangabox.net\/en\/produkt\/bettlaken-celestial-globe-of-your-heart-haruka-akane-aira-shiratori\/","title":{"rendered":"Bettlaken: Celestial Globe of your Heart &#8220;Haruka Akane &amp; Aira Shiratori&#8221;"},"content":{"rendered":"<div>\n<div dir=\"ltr\"><!--[if gte mso 9]><xml> <o:DocumentProperties> <o:Template>Normal.dotm<\/o:Template> <o:Revision>0<\/o:Revision> <o:TotalTime>0<\/o:TotalTime> <o:Pages>1<\/o:Pages> <o:Words>42<\/o:Words> <o:Characters>245<\/o:Characters> <o:Company>Manga Caf&eacute;<\/o:Company> <o:Lines>2<\/o:Lines> <o:Paragraphs>1<\/o:Paragraphs> <o:CharactersWithSpaces>300<\/o:CharactersWithSpaces> <o:Version>12.0<\/o:Version> <\/o:DocumentProperties> <o:OfficeDocumentSettings> <o:AllowPNG \/> <\/o:OfficeDocumentSettings> <\/xml><![endif]--><!--[if gte mso 9]><xml> <w:WordDocument> <w:Zoom>0<\/w:Zoom> <w:TrackMoves>false<\/w:TrackMoves> <w:TrackFormatting \/> <w:PunctuationKerning \/> <w:DrawingGridHorizontalSpacing>18 pt<\/w:DrawingGridHorizontalSpacing> <w:DrawingGridVerticalSpacing>18 pt<\/w:DrawingGridVerticalSpacing> <w:DisplayHorizontalDrawingGridEvery>0<\/w:DisplayHorizontalDrawingGridEvery> <w:DisplayVerticalDrawingGridEvery>0<\/w:DisplayVerticalDrawingGridEvery> <w:ValidateAgainstSchemas \/> <w:SaveIfXMLInvalid>false<\/w:SaveIfXMLInvalid> <w:IgnoreMixedContent>false<\/w:IgnoreMixedContent> <w:AlwaysShowPlaceholderText>false<\/w:AlwaysShowPlaceholderText> <w:Compatibility> <w:BreakWrappedTables \/> <w:DontGrowAutofit \/> <w:DontAutofitConstrainedTables \/> <w:DontVertAlignInTxbx \/> <\/w:Compatibility> <\/w:WordDocument> <\/xml><![endif]--><!--[if gte mso 9]><xml> <w:LatentStyles DefLockedState=\"false\" LatentStyleCount=\"276\"> <\/w:LatentStyles> <\/xml><![endif]--><!--[if gte mso 10]> <mce:style><!   \/* Style Definitions *\/ table.MsoNormalTable \t{mso-style-name:\"Table Normal\"; \tmso-tstyle-rowband-size:0; \tmso-tstyle-colband-size:0; \tmso-style-noshow:yes; \tmso-style-parent:\"\"; \tmso-padding-alt:0cm 5.4pt 0cm 5.4pt; \tmso-para-margin-top:0cm; \tmso-para-margin-right:0cm; \tmso-para-margin-bottom:10.0pt; \tmso-para-margin-left:0cm; \tmso-pagination:widow-orphan; \tfont-size:12.0pt; \tfont-family:\"Times New Roman\"; \tmso-ascii-font-family:Cambria; \tmso-ascii-theme-font:minor-latin; \tmso-hansi-font-family:Cambria; \tmso-hansi-theme-font:minor-latin;} --> <!--[endif]--> <!--StartFragment--><span style=\"font-size: x-large;\"><strong><span style=\"font-family: Arial;\" lang=\"EN-US\">Bettlaken \/ Bed Sheet:<\/span><\/strong><\/span><\/div>\n<div><span style=\"font-size: x-large;\"><strong><span style=\"font-family: Arial;\" lang=\"EN-US\"><span style=\"font-size: x-large;\">Celestial Globe of your Heart<\/span><\/span><\/strong><\/span><\/div>\n<div><span style=\"font-size: x-large;\"><strong><span style=\"font-family: Arial;\" lang=\"EN-US\"><span style=\"font-size: x-large;\">&#8220;Haruka Akane &amp; Aira Shiratori&#8221;<\/span><\/span><\/strong><\/span><\/div>\n<div>&nbsp;<\/div>\n<p class=\"MsoNormal\" style=\"margin: 0cm 0cm 0.0001pt 36pt; text-indent: -18pt;\"><!--{12600447925846}--><!--{12600447925847}--><!--{12600447925848}--> <!--{12600447925849}--> <!--{126004479258410}--> <!--{126004479258411}--><span style=\"font-family: Arial;\" lang=\"EN-US\">&#8211;<\/span><span style=\"font-family: Arial;\" lang=\"EN-US\">&nbsp;&nbsp;&nbsp; hochwertiger Aufdruck<\/span><span style=\"font-family: Arial;\" lang=\"EN-US\"><br \/><\/span><\/p>\n<p class=\"MsoNormal\" style=\"margin: 0cm 0cm 0.0001pt 36pt; text-indent: -18pt;\"><span style=\"font-family: Arial;\" lang=\"EN-US\">&#8211;&nbsp;&nbsp;&nbsp; <\/span><span style=\"font-family: Arial;\" lang=\"EN-US\">Ma&szlig;e: 180cm x 145cm<br \/><\/span><\/p>\n<p class=\"MsoNormal\" style=\"margin: 0cm 0cm 0.0001pt 36pt; text-indent: -18pt;\"><span style=\"font-family: Arial;\" lang=\"EN-US\">&#8211;&nbsp;&nbsp;&nbsp; 100%&nbsp;Polyester<\/span><span style=\"font-family: Arial;\" lang=\"EN-US\"><br \/><\/span><\/p>\n<p class=\"MsoNormal\" style=\"margin: 0cm 0cm 0.0001pt 36pt; text-indent: -18pt;\"><span style=\"font-family: Arial;\" lang=\"EN-US\">&#8211;&nbsp;&nbsp;&nbsp; waschbar bei <\/span>40&ordm;<\/p>\n<p class=\"MsoNormal\" style=\"margin: 0cm 0cm 0.0001pt 36pt; text-indent: -18pt;\">&nbsp;<\/p>\n<div>Auch wenn gerade bei Bettbez&uuml;gen und Dakimakura &uuml;berwiegend billige Kopien angeboten werden handelt es sich bei uns nat&uuml;rlich wie immer um ein hochwertiges Originalprodukt!<\/div>\n<\/div>\n","protected":false},"excerpt":{"rendered":"<p>Und wieder etwas f\u00fcr den praktisch veranlagten Fan! Dies ist nicht nur ein sehr hochwertiges und gigantisches Wandposter (die meisten unserer Kunden h\u00e4ngen ihre Laken als \u00fcbergro\u00dfes &#8220;Wallscroll&#8221; an die Wand) sondern ein ganz normal verwendbares Bettlaken mit hochwertigem Aufdruck. Auch der beste Aufdruck h\u00e4lt nicht f\u00fcr immer aber wenn man sich an die empfohlene Feinw\u00e4sche h\u00e4lt hat man selbst bei t\u00e4glicher Nutzung lange etwas von diesem Bettlaken &#8211; anders als bei den minderwertigen Kopien, die in den meisten\u00a0F\u00e4llen angeboten werden. <\/p>\n","protected":false},"featured_media":60343,"template":"","meta":[],"product_brand":[],"product_cat":[618,575,580],"product_tag":[],"class_list":{"0":"post-44646","1":"product","2":"type-product","3":"status-publish","4":"has-post-thumbnail","6":"product_cat-bettlaken","7":"product_cat-08-japanese-living","8":"product_cat-whats-new","9":"product_shipping_class-standard","11":"first","12":"instock","13":"taxable","14":"shipping-taxable","15":"purchasable","16":"product-type-simple"},"_links":{"self":[{"href":"https:\/\/mangabox.net\/en\/wp-json\/wp\/v2\/product\/44646","targetHints":{"allow":["GET"]}}],"collection":[{"href":"https:\/\/mangabox.net\/en\/wp-json\/wp\/v2\/product"}],"about":[{"href":"https:\/\/mangabox.net\/en\/wp-json\/wp\/v2\/types\/product"}],"wp:featuredmedia":[{"embeddable":true,"href":"https:\/\/mangabox.net\/en\/wp-json\/wp\/v2\/media\/60343"}],"wp:attachment":[{"href":"https:\/\/mangabox.net\/en\/wp-json\/wp\/v2\/media?parent=44646"}],"wp:term":[{"taxonomy":"product_brand","embeddable":true,"href":"https:\/\/mangabox.net\/en\/wp-json\/wp\/v2\/product_brand?post=44646"},{"taxonomy":"product_cat","embeddable":true,"href":"https:\/\/mangabox.net\/en\/wp-json\/wp\/v2\/product_cat?post=44646"},{"taxonomy":"product_tag","embeddable":true,"href":"https:\/\/mangabox.net\/en\/wp-json\/wp\/v2\/product_tag?post=44646"}],"curies":[{"name":"wp","href":"https:\/\/api.w.org\/{rel}","templated":true}]}}