{"id":44695,"date":"2020-07-05T17:03:01","date_gmt":"2020-07-05T15:03:01","guid":{"rendered":"https:\/\/mangabox.net\/produkt\/super-mario-luigi-mascot-anh%e2%80%b0nger\/"},"modified":"2021-01-01T20:43:20","modified_gmt":"2021-01-01T19:43:20","slug":"super-mario-luigi-mascot-anhaenger","status":"publish","type":"product","link":"https:\/\/mangabox.net\/en\/produkt\/super-mario-luigi-mascot-anhaenger\/","title":{"rendered":"Super Mario: Luigi Mascot Anh\u00e4nger"},"content":{"rendered":"<h1><span style=\"font-size: x-large;\"><strong>Super Mario:<br \/><\/strong><\/span><\/h1>\n<h1><strong><span style=\"font-size: x-large;\">Luigi Mascot Anh&auml;nger \/ Pl&uuml;schfigur<\/span><br \/><\/strong><\/h1>\n<p style=\"margin-left: 40px;\">&nbsp;<\/p>\n<p style=\"margin-left: 40px;\">&#8211; H&ouml;he ca. 16cm<br \/>&#8211; fantastische Qualit&auml;t<br \/>&#8211; mit Verschlussring um den Anh&auml;nger z.B. am Rucksack sicher befestigen zu k&ouml;nnen<\/p>\n<p>Original Pl&uuml;schanh&auml;nger, vertrieben von together+ unter der Lizenz von Nintendo<\/p>\n","protected":false},"excerpt":{"rendered":"<p>Perfekte Gr\u00f6\u00dfe f\u00fcr den Rucksack, das Auto und immer dabei haben. <\/p>\n","protected":false},"featured_media":88688,"template":"","meta":[],"product_brand":[],"product_cat":[599,571,580],"product_tag":[],"class_list":{"0":"post-44695","1":"product","2":"type-product","3":"status-publish","4":"has-post-thumbnail","6":"product_cat-nintendo","7":"product_cat-07-pluesch","8":"product_cat-whats-new","9":"product_shipping_class-standard","11":"first","12":"instock","13":"taxable","14":"shipping-taxable","15":"purchasable","16":"product-type-simple"},"_links":{"self":[{"href":"https:\/\/mangabox.net\/en\/wp-json\/wp\/v2\/product\/44695","targetHints":{"allow":["GET"]}}],"collection":[{"href":"https:\/\/mangabox.net\/en\/wp-json\/wp\/v2\/product"}],"about":[{"href":"https:\/\/mangabox.net\/en\/wp-json\/wp\/v2\/types\/product"}],"wp:featuredmedia":[{"embeddable":true,"href":"https:\/\/mangabox.net\/en\/wp-json\/wp\/v2\/media\/88688"}],"wp:attachment":[{"href":"https:\/\/mangabox.net\/en\/wp-json\/wp\/v2\/media?parent=44695"}],"wp:term":[{"taxonomy":"product_brand","embeddable":true,"href":"https:\/\/mangabox.net\/en\/wp-json\/wp\/v2\/product_brand?post=44695"},{"taxonomy":"product_cat","embeddable":true,"href":"https:\/\/mangabox.net\/en\/wp-json\/wp\/v2\/product_cat?post=44695"},{"taxonomy":"product_tag","embeddable":true,"href":"https:\/\/mangabox.net\/en\/wp-json\/wp\/v2\/product_tag?post=44695"}],"curies":[{"name":"wp","href":"https:\/\/api.w.org\/{rel}","templated":true}]}}