{"id":82092,"date":"2020-07-05T17:02:32","date_gmt":"2020-07-05T15:02:32","guid":{"rendered":"https:\/\/mangabox.net\/produkt\/mine-blue-00-private-material-pelsor-ver\/"},"modified":"2022-06-08T18:09:23","modified_gmt":"2022-06-08T16:09:23","slug":"mine-blue-00-private-material-pelsor-ver","status":"publish","type":"product","link":"https:\/\/mangabox.net\/en\/produkt\/mine-blue-00-private-material-pelsor-ver\/","title":{"rendered":"Mine bluE #00 Private Material  &#8220;Pelsor Ver.&#8221;"},"content":{"rendered":"<div><span style=\"font-family: Arial;\"><span style=\"font-size: x-large;\"><strong>Mine bluE<\/strong><\/span><\/span><\/div>\n<div><span style=\"font-family: Arial;\"><span style=\"font-size: x-large;\"><strong>#00 Private Material &#8220;Pelsor Ver.&#8221;<br \/><\/strong><\/span><\/span><\/div>\n<p style=\"margin-left: 40px;\">&nbsp;<\/p>\n<p style=\"margin-left: 40px;\"><span style=\"font-family: Arial;\">&#8211; Gr&ouml;&szlig;e: ca. 21cm \/ Ma&szlig;stab: 1\/8<\/span><span style=\"font-family: Arial;\"><br \/>&#8211; detailiert modelliert<span style=\"font-family: Arial;\"><span style=\"font-family: Arial;\"><span style=\"font-family: Arial;\"><span style=\"font-family: Arial;\"><span style=\"font-family: Arial;\"><span style=\"font-family: Arial;\"><span style=\"font-family: Arial;\"><br style=\"font-family: Arial;\" \/>&#8211; <span style=\"font-family: Arial;\">sehr sauber verarbeitet<\/span><\/span><\/span><\/span><\/span><span style=\"font-family: Arial;\"><span style=\"font-family: Arial;\"><span style=\"font-family: Arial;\"><span style=\"font-family: Arial;\"><span style=\"font-family: Arial;\"><span style=\"font-family: Arial;\"><span style=\"font-family: Arial;\"><span style=\"font-family: Arial;\"><span style=\"font-family: Arial;\"><span style=\"font-family: Arial;\"><br style=\"font-family: Arial;\" \/>&#8211; <span style=\"font-family: Arial;\">Sculptor: Ushiro Masami<\/span><\/span><\/span><\/span><\/span><\/span><\/span><\/span><\/span><br style=\"font-family: Arial;\" \/>&#8211; <\/span><\/span><\/span><\/span><\/span><\/span>inklusive Base<\/p>\n<p><span style=\"font-family: Arial;\"><br \/>Wie immer bei uns handelt es sich auch hier um eine Original Figur und keine billige Kopie, wie sie leider vermehrt angeboten werden.<br \/><\/span><\/p>\n","protected":false},"excerpt":{"rendered":"<p>Diese Figur hat ihren ganz eigenen Stil . . . und ein s\u00fc\u00dfes K\u00e4tzchen! : )<\/p>\n","protected":false},"featured_media":82108,"template":"","meta":[],"product_brand":[],"product_cat":[570,607],"product_tag":[],"class_list":{"0":"post-82092","1":"product","2":"type-product","3":"status-publish","4":"has-post-thumbnail","6":"product_cat-01-figuren","7":"product_cat-pvc-figuren","8":"product_shipping_class-standard","10":"first","11":"outofstock","12":"taxable","13":"shipping-taxable","14":"purchasable","15":"product-type-simple"},"_links":{"self":[{"href":"https:\/\/mangabox.net\/en\/wp-json\/wp\/v2\/product\/82092","targetHints":{"allow":["GET"]}}],"collection":[{"href":"https:\/\/mangabox.net\/en\/wp-json\/wp\/v2\/product"}],"about":[{"href":"https:\/\/mangabox.net\/en\/wp-json\/wp\/v2\/types\/product"}],"wp:featuredmedia":[{"embeddable":true,"href":"https:\/\/mangabox.net\/en\/wp-json\/wp\/v2\/media\/82108"}],"wp:attachment":[{"href":"https:\/\/mangabox.net\/en\/wp-json\/wp\/v2\/media?parent=82092"}],"wp:term":[{"taxonomy":"product_brand","embeddable":true,"href":"https:\/\/mangabox.net\/en\/wp-json\/wp\/v2\/product_brand?post=82092"},{"taxonomy":"product_cat","embeddable":true,"href":"https:\/\/mangabox.net\/en\/wp-json\/wp\/v2\/product_cat?post=82092"},{"taxonomy":"product_tag","embeddable":true,"href":"https:\/\/mangabox.net\/en\/wp-json\/wp\/v2\/product_tag?post=82092"}],"curies":[{"name":"wp","href":"https:\/\/api.w.org\/{rel}","templated":true}]}}